{"id":64,"date":"2019-04-11T11:08:09","date_gmt":"2019-04-11T09:08:09","guid":{"rendered":"http:\/\/fundacionexe.org\/workshops\/femlab19\/?page_id=64"},"modified":"2019-07-11T13:07:24","modified_gmt":"2019-07-11T11:07:24","slug":"comite-organitzador","status":"publish","type":"page","link":"https:\/\/fundacionexe.org\/workshops\/femlab19\/comite-organitzador\/","title":{"rendered":"Comit\u00e9 Organitzador"},"content":{"rendered":"<ul class=\"wp-block-list\">\n\t<li>Al\u00edcia Villar Aguil\u00e9s<\/li>\n\t<li>Anna Andr\u00e9s Devesa<br \/><\/li>\n\t<li>D\u00e8lia Amor\u00f3s i Pinos<\/li>\n\t<li>Elisa Signes P\u00e9rez<\/li>\n\t<li>Helena Malonda J\u00fadez<\/li>\n\t<li>Irene Ballester Buigues<\/li>\n\t<li>Laia Mas Climent<\/li>\n\t<li>Let\u00edcia Amig\u00f3 T\u00e1rrega<\/li>\n\t<li>Maitane Vea Seijo<\/li>\n\t<li>Raquel Signes P\u00e9rez<br \/><\/li>\n\t<li>Reis Gallego Perales<\/li>\n\t<li>Roser Vi\u00f1oles Tar\u00edn<\/li>\n\t<li>Susanna Pardines L\u00f3pez<\/li>\n\t<li>Vicenta Tasa Fuster<\/li>\n<\/ul>","protected":false},"excerpt":{"rendered":"<p>Al\u00edcia Villar Aguil\u00e9s Anna Andr\u00e9s Devesa D\u00e8lia Amor\u00f3s i Pinos Elisa Signes P\u00e9rez Helena Malonda J\u00fadez Irene Ballester Buigues Laia Mas Climent Let\u00edcia Amig\u00f3 T\u00e1rrega Maitane Vea Seijo Raquel Signes P\u00e9rez Reis Gallego Perales Roser Vi\u00f1oles Tar\u00edn Susanna Pardines L\u00f3pez Vicenta Tasa Fuster<\/p>\n","protected":false},"author":2,"featured_media":0,"parent":0,"menu_order":0,"comment_status":"closed","ping_status":"closed","template":"","meta":{"footnotes":""},"class_list":["post-64","page","type-page","status-publish","hentry"],"_links":{"self":[{"href":"https:\/\/fundacionexe.org\/workshops\/femlab19\/wp-json\/wp\/v2\/pages\/64","targetHints":{"allow":["GET"]}}],"collection":[{"href":"https:\/\/fundacionexe.org\/workshops\/femlab19\/wp-json\/wp\/v2\/pages"}],"about":[{"href":"https:\/\/fundacionexe.org\/workshops\/femlab19\/wp-json\/wp\/v2\/types\/page"}],"author":[{"embeddable":true,"href":"https:\/\/fundacionexe.org\/workshops\/femlab19\/wp-json\/wp\/v2\/users\/2"}],"replies":[{"embeddable":true,"href":"https:\/\/fundacionexe.org\/workshops\/femlab19\/wp-json\/wp\/v2\/comments?post=64"}],"version-history":[{"count":7,"href":"https:\/\/fundacionexe.org\/workshops\/femlab19\/wp-json\/wp\/v2\/pages\/64\/revisions"}],"predecessor-version":[{"id":109,"href":"https:\/\/fundacionexe.org\/workshops\/femlab19\/wp-json\/wp\/v2\/pages\/64\/revisions\/109"}],"wp:attachment":[{"href":"https:\/\/fundacionexe.org\/workshops\/femlab19\/wp-json\/wp\/v2\/media?parent=64"}],"curies":[{"name":"wp","href":"https:\/\/api.w.org\/{rel}","templated":true}]}}