{"id":71,"date":"2019-04-11T11:22:42","date_gmt":"2019-04-11T09:22:42","guid":{"rendered":"http:\/\/fundacionexe.org\/workshops\/femlab19\/?page_id=71"},"modified":"2019-11-05T15:12:36","modified_gmt":"2019-11-05T13:12:36","slug":"inscripcions","status":"publish","type":"page","link":"https:\/\/fundacionexe.org\/workshops\/femlab19\/inscripcions\/","title":{"rendered":"Inscripcions"},"content":{"rendered":"<p>Podeu inscriure-vos gratu\u00eftament al I Workshop de Feminisme i Sobiranies de la Fundaci\u00f3 Nexe en <a href=\"https:\/\/forms.gle\/FhrEFJSXFWhPncoG9\">aquest formulari.\ufeff<\/a><\/p><p>Les inscripcions son gratu\u00eftes fins a completar aforament. La presentaci\u00f3 de comunicacions tamb\u00e9 \u00e9s gratu\u00efta.<\/p><p><strong>El per\u00edode d&#8217;inscripcions mitjan\u00e7ant formulari ha finalitzat. Pot escriure a nexe@fundacionexe.org i sol\u00b7licitar una pla\u00e7a per assistir al I Workshop de Feminisme i Sobiranies.\ufeff<\/strong><\/p>","protected":false},"excerpt":{"rendered":"<p>Podeu inscriure-vos gratu\u00eftament al I Workshop de Feminisme i Sobiranies de la Fundaci\u00f3 Nexe en aquest formulari.\ufeff Les inscripcions son gratu\u00eftes fins a completar aforament. La presentaci\u00f3 de comunicacions tamb\u00e9 \u00e9s gratu\u00efta. El per\u00edode d&#8217;inscripcions mitjan\u00e7ant formulari ha finalitzat. Pot escriure a nexe@fundacionexe.org i sol\u00b7licitar una pla\u00e7a per assistir al I Workshop de Feminisme i &hellip; <a href=\"https:\/\/fundacionexe.org\/workshops\/femlab19\/inscripcions\/\" class=\"more-link\">Continua la lectura de <span class=\"screen-reader-text\">Inscripcions<\/span> <span class=\"meta-nav\">&rarr;<\/span><\/a><\/p>\n","protected":false},"author":2,"featured_media":0,"parent":0,"menu_order":0,"comment_status":"closed","ping_status":"closed","template":"","meta":{"footnotes":""},"class_list":["post-71","page","type-page","status-publish","hentry"],"_links":{"self":[{"href":"https:\/\/fundacionexe.org\/workshops\/femlab19\/wp-json\/wp\/v2\/pages\/71","targetHints":{"allow":["GET"]}}],"collection":[{"href":"https:\/\/fundacionexe.org\/workshops\/femlab19\/wp-json\/wp\/v2\/pages"}],"about":[{"href":"https:\/\/fundacionexe.org\/workshops\/femlab19\/wp-json\/wp\/v2\/types\/page"}],"author":[{"embeddable":true,"href":"https:\/\/fundacionexe.org\/workshops\/femlab19\/wp-json\/wp\/v2\/users\/2"}],"replies":[{"embeddable":true,"href":"https:\/\/fundacionexe.org\/workshops\/femlab19\/wp-json\/wp\/v2\/comments?post=71"}],"version-history":[{"count":9,"href":"https:\/\/fundacionexe.org\/workshops\/femlab19\/wp-json\/wp\/v2\/pages\/71\/revisions"}],"predecessor-version":[{"id":160,"href":"https:\/\/fundacionexe.org\/workshops\/femlab19\/wp-json\/wp\/v2\/pages\/71\/revisions\/160"}],"wp:attachment":[{"href":"https:\/\/fundacionexe.org\/workshops\/femlab19\/wp-json\/wp\/v2\/media?parent=71"}],"curies":[{"name":"wp","href":"https:\/\/api.w.org\/{rel}","templated":true}]}}