{"id":19,"date":"2019-04-10T09:46:53","date_gmt":"2019-04-10T07:46:53","guid":{"rendered":"http:\/\/fundacionexe.org\/workshops\/femlab21\/?page_id=19"},"modified":"2021-07-29T12:15:18","modified_gmt":"2021-07-29T10:15:18","slug":"crida-a-comunicacions","status":"publish","type":"page","link":"https:\/\/fundacionexe.org\/workshops\/femlab21\/crida-a-comunicacions\/","title":{"rendered":"Crida a comunicacions"},"content":{"rendered":"<p><strong>EIXOS tem\u00e0tics on s\u2019emmarcaran les comunicacions:<\/strong><\/p><p>\ufeffEIX 1: La interseccionalitat en la igualtat.<\/p><p>EIX 2: L\u2019aplicaci\u00f3 de la perspectiva interseccional en les pol\u00edtiques p\u00fabliques.\ufeff<\/p><p>EIX 3: Estudis sociojur\u00eddics amb perspectiva interseccional.\ufeff<\/p><p>Hi ha dues modalitats de presentaci\u00f3:<\/p><ul class=\"wp-block-list\">\n\t<li><a href=\"https:\/\/fundacionexe.org\/workshops\/femlab21\/comunicacions\/\"><strong>COMUNICACIONS<\/strong><\/a>\ufeff\u00a0<\/li>\n\t<li><a href=\"https:\/\/fundacionexe.org\/workshops\/femlab19\/hub-posters\/\"><strong>\ufeffHUB-P\u00d2STERS\ufeff<\/strong><\/a>\u00a0<\/li>\n<\/ul><p>Cliqueu sobre el nom de cadascuna d\u2019elles per a con\u00e9ixer m\u00e9s detalls.<\/p><p>Ac\u00ed podeu informar-vos sobre les <a href=\"https:\/\/fundacionexe.org\/workshops\/femlab21\/normes-de-presentacio\/\"><strong>normes de la presentaci\u00f3\ufeff<\/strong><\/a>.<\/p>","protected":false},"excerpt":{"rendered":"<p>EIXOS tem\u00e0tics on s\u2019emmarcaran les comunicacions: \ufeffEIX 1: La interseccionalitat en la igualtat. EIX 2: L\u2019aplicaci\u00f3 de la perspectiva interseccional en les pol\u00edtiques p\u00fabliques.\ufeff EIX 3: Estudis sociojur\u00eddics amb perspectiva interseccional.\ufeff Hi ha dues modalitats de presentaci\u00f3: COMUNICACIONS\ufeff\u00a0 \ufeffHUB-P\u00d2STERS\ufeff\u00a0 Cliqueu sobre el nom de cadascuna d\u2019elles per a con\u00e9ixer m\u00e9s detalls. Ac\u00ed podeu informar-vos sobre &hellip; <a href=\"https:\/\/fundacionexe.org\/workshops\/femlab21\/crida-a-comunicacions\/\" class=\"more-link\">Continua la lectura de <span class=\"screen-reader-text\">Crida a comunicacions<\/span> <span class=\"meta-nav\">&rarr;<\/span><\/a><\/p>\n","protected":false},"author":2,"featured_media":0,"parent":0,"menu_order":0,"comment_status":"closed","ping_status":"closed","template":"","meta":{"footnotes":""},"class_list":["post-19","page","type-page","status-publish","hentry"],"_links":{"self":[{"href":"https:\/\/fundacionexe.org\/workshops\/femlab21\/wp-json\/wp\/v2\/pages\/19","targetHints":{"allow":["GET"]}}],"collection":[{"href":"https:\/\/fundacionexe.org\/workshops\/femlab21\/wp-json\/wp\/v2\/pages"}],"about":[{"href":"https:\/\/fundacionexe.org\/workshops\/femlab21\/wp-json\/wp\/v2\/types\/page"}],"author":[{"embeddable":true,"href":"https:\/\/fundacionexe.org\/workshops\/femlab21\/wp-json\/wp\/v2\/users\/2"}],"replies":[{"embeddable":true,"href":"https:\/\/fundacionexe.org\/workshops\/femlab21\/wp-json\/wp\/v2\/comments?post=19"}],"version-history":[{"count":14,"href":"https:\/\/fundacionexe.org\/workshops\/femlab21\/wp-json\/wp\/v2\/pages\/19\/revisions"}],"predecessor-version":[{"id":222,"href":"https:\/\/fundacionexe.org\/workshops\/femlab21\/wp-json\/wp\/v2\/pages\/19\/revisions\/222"}],"wp:attachment":[{"href":"https:\/\/fundacionexe.org\/workshops\/femlab21\/wp-json\/wp\/v2\/media?parent=19"}],"curies":[{"name":"wp","href":"https:\/\/api.w.org\/{rel}","templated":true}]}}