{"id":26,"date":"2019-04-10T12:24:10","date_gmt":"2019-04-10T10:24:10","guid":{"rendered":"http:\/\/fundacionexe.org\/workshops\/femlab21\/?page_id=26"},"modified":"2021-08-30T11:00:51","modified_gmt":"2021-08-30T09:00:51","slug":"comunicacions","status":"publish","type":"page","link":"https:\/\/fundacionexe.org\/workshops\/femlab21\/comunicacions\/","title":{"rendered":"Comunicacions"},"content":{"rendered":"<p>Per a la presentaci\u00f3 de comunicacions cal enviar una proposta resumida vinculada amb algun dels eixos tem\u00e0tics. La proposta de comunicaci\u00f3 ha de contindre els seg\u00fcents apartats:<\/p><ul class=\"wp-block-list\">\n\t<li>T\u00edtol<\/li>\n\t<li>Nom de les persones autores\u00a0<\/li>\n\t<li>Instituci\u00f3 o organitzaci\u00f3 i proced\u00e8ncia<\/li>\n\t<li>Resum (250 paraules com a m\u00e0xim)\u00a0<\/li>\n\t<li>Paraules clau (4-5 com a m\u00e0xim)<\/li>\n<\/ul><p>El termini d&#8217;enviament de comunicacions s&#8217;ha ampliat fins el dia 13 de setembre.\u00a0 La presentaci\u00f3 de les comunicacions es podr\u00e0 fer presencialment al congr\u00e9s, a trav\u00e9s de v\u00eddeo-confer\u00e8ncia o amb un v\u00eddeo gravat. El Comit\u00e9 Cient\u00edfic podr\u00e0 proposar una publicaci\u00f3 de les comunicacions de major qualitat seleccionades.<\/p><p>S\u2019establir\u00e0 un grup tem\u00e0tic per cadascun dels eixos del congr\u00e9s i cadascun comptar\u00e0 amb una persona de l\u2019organitzaci\u00f3 com a moderadora. Les comunicacions es presentaran en el grup corresponent a la seua tem\u00e0tica. En cada grup hi haur\u00e0 una primera ronda d\u2019intervencions amb una durada de 10 minuts cadascuna en la qual les persones autores exposaran la seua comunicaci\u00f3 de manera oral (poden fer servir presentacions gr\u00e0fiques). L\u2019objectiu \u00e9s posar en com\u00fa un debat m\u00e9s acotat en la tem\u00e0tica del congr\u00e9s i poder dialogar.<\/p><p><strong>EIXOS tem\u00e0tics on s\u2019emmarcaran les comunicacions:<\/strong><\/p><p>EIX 1: La interseccionalitat en la igualtat.<\/p><p>EIX 2: L\u2019aplicaci\u00f3 de la perspectiva interseccional en les pol\u00edtiques p\u00fabliques.<\/p><p>EIX 3: Estudis sociojur\u00eddics amb perspectiva interseccional.<\/p>","protected":false},"excerpt":{"rendered":"<p>Per a la presentaci\u00f3 de comunicacions cal enviar una proposta resumida vinculada amb algun dels eixos tem\u00e0tics. La proposta de comunicaci\u00f3 ha de contindre els seg\u00fcents apartats: T\u00edtol Nom de les persones autores\u00a0 Instituci\u00f3 o organitzaci\u00f3 i proced\u00e8ncia Resum (250 paraules com a m\u00e0xim)\u00a0 Paraules clau (4-5 com a m\u00e0xim) El termini d&#8217;enviament de comunicacions &hellip; <a href=\"https:\/\/fundacionexe.org\/workshops\/femlab21\/comunicacions\/\" class=\"more-link\">Continua la lectura de <span class=\"screen-reader-text\">Comunicacions<\/span> <span class=\"meta-nav\">&rarr;<\/span><\/a><\/p>\n","protected":false},"author":2,"featured_media":0,"parent":0,"menu_order":0,"comment_status":"closed","ping_status":"closed","template":"","meta":{"footnotes":""},"class_list":["post-26","page","type-page","status-publish","hentry"],"_links":{"self":[{"href":"https:\/\/fundacionexe.org\/workshops\/femlab21\/wp-json\/wp\/v2\/pages\/26","targetHints":{"allow":["GET"]}}],"collection":[{"href":"https:\/\/fundacionexe.org\/workshops\/femlab21\/wp-json\/wp\/v2\/pages"}],"about":[{"href":"https:\/\/fundacionexe.org\/workshops\/femlab21\/wp-json\/wp\/v2\/types\/page"}],"author":[{"embeddable":true,"href":"https:\/\/fundacionexe.org\/workshops\/femlab21\/wp-json\/wp\/v2\/users\/2"}],"replies":[{"embeddable":true,"href":"https:\/\/fundacionexe.org\/workshops\/femlab21\/wp-json\/wp\/v2\/comments?post=26"}],"version-history":[{"count":20,"href":"https:\/\/fundacionexe.org\/workshops\/femlab21\/wp-json\/wp\/v2\/pages\/26\/revisions"}],"predecessor-version":[{"id":228,"href":"https:\/\/fundacionexe.org\/workshops\/femlab21\/wp-json\/wp\/v2\/pages\/26\/revisions\/228"}],"wp:attachment":[{"href":"https:\/\/fundacionexe.org\/workshops\/femlab21\/wp-json\/wp\/v2\/media?parent=26"}],"curies":[{"name":"wp","href":"https:\/\/api.w.org\/{rel}","templated":true}]}}