{"id":64,"date":"2019-04-11T11:08:09","date_gmt":"2019-04-11T09:08:09","guid":{"rendered":"http:\/\/fundacionexe.org\/workshops\/femlab21\/?page_id=64"},"modified":"2021-07-12T09:45:42","modified_gmt":"2021-07-12T07:45:42","slug":"comite-organitzador","status":"publish","type":"page","link":"https:\/\/fundacionexe.org\/workshops\/femlab21\/comite-organitzador\/","title":{"rendered":"Comit\u00e9 Organitzador"},"content":{"rendered":"<p><strong>Comit\u00e9 organitzador:<\/strong><\/p><p>Leticia Amig\u00f3 T\u00e0rrega<\/p><p>Analia Juan Guill\u00e9n<\/p><p>Reis Gallego Perales<\/p><p>Susanna Ligero<\/p><p>Laia Mas Climent<\/p><p>Marta Meneu-Borja<\/p><p>Susanna Pardines L\u00f3pez<\/p><p>Anna Perpiny\u00e0 Saragoss\u00e0<\/p><p>Laia Pitarch<\/p><p>Raquel Signes<\/p><p>Vicenta Tasa i Fuster<\/p><p>Alicia Villar Aguil\u00e9s<\/p><p><\/p>","protected":false},"excerpt":{"rendered":"<p>Comit\u00e9 organitzador: Leticia Amig\u00f3 T\u00e0rrega Analia Juan Guill\u00e9n Reis Gallego Perales Susanna Ligero Laia Mas Climent Marta Meneu-Borja Susanna Pardines L\u00f3pez Anna Perpiny\u00e0 Saragoss\u00e0 Laia Pitarch Raquel Signes Vicenta Tasa i Fuster Alicia Villar Aguil\u00e9s<\/p>\n","protected":false},"author":2,"featured_media":0,"parent":0,"menu_order":0,"comment_status":"closed","ping_status":"closed","template":"","meta":{"footnotes":""},"class_list":["post-64","page","type-page","status-publish","hentry"],"_links":{"self":[{"href":"https:\/\/fundacionexe.org\/workshops\/femlab21\/wp-json\/wp\/v2\/pages\/64","targetHints":{"allow":["GET"]}}],"collection":[{"href":"https:\/\/fundacionexe.org\/workshops\/femlab21\/wp-json\/wp\/v2\/pages"}],"about":[{"href":"https:\/\/fundacionexe.org\/workshops\/femlab21\/wp-json\/wp\/v2\/types\/page"}],"author":[{"embeddable":true,"href":"https:\/\/fundacionexe.org\/workshops\/femlab21\/wp-json\/wp\/v2\/users\/2"}],"replies":[{"embeddable":true,"href":"https:\/\/fundacionexe.org\/workshops\/femlab21\/wp-json\/wp\/v2\/comments?post=64"}],"version-history":[{"count":10,"href":"https:\/\/fundacionexe.org\/workshops\/femlab21\/wp-json\/wp\/v2\/pages\/64\/revisions"}],"predecessor-version":[{"id":214,"href":"https:\/\/fundacionexe.org\/workshops\/femlab21\/wp-json\/wp\/v2\/pages\/64\/revisions\/214"}],"wp:attachment":[{"href":"https:\/\/fundacionexe.org\/workshops\/femlab21\/wp-json\/wp\/v2\/media?parent=64"}],"curies":[{"name":"wp","href":"https:\/\/api.w.org\/{rel}","templated":true}]}}