{"id":26,"date":"2019-04-10T12:24:10","date_gmt":"2019-04-10T10:24:10","guid":{"rendered":"http:\/\/fundacionexe.org\/workshops\/femlab24\/?page_id=26"},"modified":"2024-10-21T19:08:26","modified_gmt":"2024-10-21T17:08:26","slug":"comunicacions","status":"publish","type":"page","link":"https:\/\/fundacionexe.org\/workshops\/femlab24\/comunicacions\/","title":{"rendered":"Comunicacions"},"content":{"rendered":"<p>Per a la presentaci\u00f3 de comunicacions cal enviar una proposta resumida vinculada amb <strong>l&#8217;antifeminisme\u00a0 i\/o amb l&#8217;extrema dreta a Europa.<\/strong> La proposta de comunicaci\u00f3 ha de contindre els seg\u00fcents apartats:<\/p><ul class=\"wp-block-list\">\r\n<li>T\u00edtol<\/li>\r\n<li>Nom de les persones autores\u00a0<\/li>\r\n<li>Instituci\u00f3 o organitzaci\u00f3 i proced\u00e8ncia<\/li>\r\n<li>Resum (250 paraules com a m\u00e0xim)\u00a0<\/li>\r\n<li>Paraules clau (4-5 com a m\u00e0xim)<\/li>\r\n<\/ul><p><span style=\"font-weight: 400\">El termini d\u2019enviament dels resums de les comunicacions \u00e9s fins al dia 2 DE NOVEMBRE.\u00a0 La presentaci\u00f3 de les comunicacions es podr\u00e0 fer presencialment al congr\u00e9s, a trav\u00e9s de v\u00eddeoconfer\u00e8ncia o amb un v\u00eddeo gravat. El Comit\u00e8 Cient\u00edfic podr\u00e0 proposar una publicaci\u00f3 de les comunicacions de major qualitat seleccionades.<\/span><\/p>\r\n<p><span style=\"font-weight: 400\">Hi haur\u00e0 una primera ronda d\u2019intervencions amb una durada de 10 minuts cadascuna en la qual les persones autores exposaran la seua comunicaci\u00f3 de manera oral (poden fer servir presentacions gr\u00e0fiques). L\u2019objectiu \u00e9s posar en com\u00fa un debat m\u00e9s acotat en la tem\u00e0tica del congr\u00e9s i poder dialogar.<\/span><\/p>","protected":false},"excerpt":{"rendered":"<p>Per a la presentaci\u00f3 de comunicacions cal enviar una proposta resumida vinculada amb l&#8217;antifeminisme\u00a0 i\/o amb l&#8217;extrema dreta a Europa. La proposta de comunicaci\u00f3 ha de contindre els seg\u00fcents apartats: T\u00edtol Nom de les persones autores\u00a0 Instituci\u00f3 o organitzaci\u00f3 i proced\u00e8ncia Resum (250 paraules com a m\u00e0xim)\u00a0 Paraules clau (4-5 com a m\u00e0xim) El termini &hellip; <a href=\"https:\/\/fundacionexe.org\/workshops\/femlab24\/comunicacions\/\" class=\"more-link\">Continua la lectura de <span class=\"screen-reader-text\">Comunicacions<\/span> <span class=\"meta-nav\">&rarr;<\/span><\/a><\/p>\n","protected":false},"author":2,"featured_media":0,"parent":0,"menu_order":0,"comment_status":"closed","ping_status":"closed","template":"","meta":{"footnotes":""},"class_list":["post-26","page","type-page","status-publish","hentry"],"_links":{"self":[{"href":"https:\/\/fundacionexe.org\/workshops\/femlab24\/wp-json\/wp\/v2\/pages\/26","targetHints":{"allow":["GET"]}}],"collection":[{"href":"https:\/\/fundacionexe.org\/workshops\/femlab24\/wp-json\/wp\/v2\/pages"}],"about":[{"href":"https:\/\/fundacionexe.org\/workshops\/femlab24\/wp-json\/wp\/v2\/types\/page"}],"author":[{"embeddable":true,"href":"https:\/\/fundacionexe.org\/workshops\/femlab24\/wp-json\/wp\/v2\/users\/2"}],"replies":[{"embeddable":true,"href":"https:\/\/fundacionexe.org\/workshops\/femlab24\/wp-json\/wp\/v2\/comments?post=26"}],"version-history":[{"count":24,"href":"https:\/\/fundacionexe.org\/workshops\/femlab24\/wp-json\/wp\/v2\/pages\/26\/revisions"}],"predecessor-version":[{"id":356,"href":"https:\/\/fundacionexe.org\/workshops\/femlab24\/wp-json\/wp\/v2\/pages\/26\/revisions\/356"}],"wp:attachment":[{"href":"https:\/\/fundacionexe.org\/workshops\/femlab24\/wp-json\/wp\/v2\/media?parent=26"}],"curies":[{"name":"wp","href":"https:\/\/api.w.org\/{rel}","templated":true}]}}