{"id":61,"date":"2019-04-11T11:05:21","date_gmt":"2019-04-11T09:05:21","guid":{"rendered":"http:\/\/fundacionexe.org\/workshops\/femlab24\/?page_id=61"},"modified":"2024-07-25T12:28:26","modified_gmt":"2024-07-25T10:28:26","slug":"comite-cientific","status":"publish","type":"page","link":"https:\/\/fundacionexe.org\/workshops\/femlab24\/comite-cientific\/","title":{"rendered":"Comit\u00e9 Cient\u00edfic"},"content":{"rendered":"<p><span style=\"font-weight: 400\">&#8211; Al\u00edcia Villar Aguil\u00e9s, Departament de Sociologia i Antropologia Social, Universitat de Val\u00e8ncia<\/span><\/p>\r\n<p><span style=\"font-weight: 400\">&#8211; Vicenta Tasa Fuster, Departament de Dret Constitucional, Ci\u00e8ncia Pol\u00edtica i de l&#8217;Administraci\u00f3, Universitat de Val\u00e8ncia<\/span><\/p>\r\n<p><span style=\"font-weight: 400\">&#8211; Mar Venegas Medina, Departamento de Sociolog\u00eda, Universidad de Granada\u00a0\u00a0\u00a0\u00a0\u00a0\u00a0\u00a0\u00a0\u00a0\u00a0\u00a0\u00a0\u00a0\u00a0\u00a0\u00a0\u00a0\u00a0\u00a0\u00a0\u00a0\u00a0\u00a0\u00a0\u00a0\u00a0\u00a0\u00a0\u00a0\u00a0\u00a0\u00a0\u00a0\u00a0\u00a0\u00a0\u00a0\u00a0\u00a0\u00a0\u00a0\u00a0\u00a0\u00a0\u00a0\u00a0\u00a0<\/span><\/p>\r\n<p><span style=\"font-weight: 400\">&#8211; Ruth Mestre i Mestre, Departament de Filosofia del Dret, Universitat de Val\u00e8ncia<\/span><\/p>\r\n<p><span style=\"font-weight: 400\">&#8211; Esther Monz\u00f3 Nebot, Departament de Traducci\u00f3 i Comunicaci\u00f3, Universitat Jaume I<\/span><\/p>\r\n<p><span style=\"font-weight: 400\">&#8211; Maria Medina Vicent, Departament de Filosofia i Sociologia de la Universitat Jaume I<\/span><\/p>","protected":false},"excerpt":{"rendered":"<p>&#8211; Al\u00edcia Villar Aguil\u00e9s, Departament de Sociologia i Antropologia Social, Universitat de Val\u00e8ncia &#8211; Vicenta Tasa Fuster, Departament de Dret Constitucional, Ci\u00e8ncia Pol\u00edtica i de l&#8217;Administraci\u00f3, Universitat de Val\u00e8ncia &#8211; Mar Venegas Medina, Departamento de Sociolog\u00eda, Universidad de Granada\u00a0\u00a0\u00a0\u00a0\u00a0\u00a0\u00a0\u00a0\u00a0\u00a0\u00a0\u00a0\u00a0\u00a0\u00a0\u00a0\u00a0\u00a0\u00a0\u00a0\u00a0\u00a0\u00a0\u00a0\u00a0\u00a0\u00a0\u00a0\u00a0\u00a0\u00a0\u00a0\u00a0\u00a0\u00a0\u00a0\u00a0\u00a0\u00a0\u00a0\u00a0\u00a0\u00a0\u00a0\u00a0\u00a0\u00a0 &#8211; Ruth Mestre i Mestre, Departament de Filosofia del Dret, Universitat de Val\u00e8ncia &#8211; Esther Monz\u00f3 &hellip; <a href=\"https:\/\/fundacionexe.org\/workshops\/femlab24\/comite-cientific\/\" class=\"more-link\">Continua la lectura de <span class=\"screen-reader-text\">Comit\u00e9 Cient\u00edfic<\/span> <span class=\"meta-nav\">&rarr;<\/span><\/a><\/p>\n","protected":false},"author":2,"featured_media":0,"parent":0,"menu_order":0,"comment_status":"closed","ping_status":"closed","template":"","meta":{"footnotes":""},"class_list":["post-61","page","type-page","status-publish","hentry"],"_links":{"self":[{"href":"https:\/\/fundacionexe.org\/workshops\/femlab24\/wp-json\/wp\/v2\/pages\/61","targetHints":{"allow":["GET"]}}],"collection":[{"href":"https:\/\/fundacionexe.org\/workshops\/femlab24\/wp-json\/wp\/v2\/pages"}],"about":[{"href":"https:\/\/fundacionexe.org\/workshops\/femlab24\/wp-json\/wp\/v2\/types\/page"}],"author":[{"embeddable":true,"href":"https:\/\/fundacionexe.org\/workshops\/femlab24\/wp-json\/wp\/v2\/users\/2"}],"replies":[{"embeddable":true,"href":"https:\/\/fundacionexe.org\/workshops\/femlab24\/wp-json\/wp\/v2\/comments?post=61"}],"version-history":[{"count":8,"href":"https:\/\/fundacionexe.org\/workshops\/femlab24\/wp-json\/wp\/v2\/pages\/61\/revisions"}],"predecessor-version":[{"id":288,"href":"https:\/\/fundacionexe.org\/workshops\/femlab24\/wp-json\/wp\/v2\/pages\/61\/revisions\/288"}],"wp:attachment":[{"href":"https:\/\/fundacionexe.org\/workshops\/femlab24\/wp-json\/wp\/v2\/media?parent=61"}],"curies":[{"name":"wp","href":"https:\/\/api.w.org\/{rel}","templated":true}]}}