{"id":71,"date":"2019-04-11T11:22:42","date_gmt":"2019-04-11T09:22:42","guid":{"rendered":"http:\/\/fundacionexe.org\/workshops\/femlab24\/?page_id=71"},"modified":"2024-07-25T13:34:40","modified_gmt":"2024-07-25T11:34:40","slug":"inscripcions","status":"publish","type":"page","link":"https:\/\/fundacionexe.org\/workshops\/femlab24\/inscripcions\/","title":{"rendered":"Inscripcions"},"content":{"rendered":"<p><span style=\"font-weight: 400\">Podeu inscriure-vos\u00a0 al III Workshop \u201c <\/span><b>MOVIMENTS ANTIFEMINISTES I EXTREMA DRETA A EUROPA\u201d<\/b><span style=\"font-weight: 400\"> de la Fundaci\u00f3 Nexe en <\/span><a href=\"https:\/\/forms.gle\/AAF3wr4rWhTwYUZa9\"><span style=\"font-weight: 400\">aquest formulari<\/span><\/a><b>. <\/b><span style=\"font-weight: 400\">El preu d\u2019inscripci\u00f3 \u00e9s:<\/span><\/p>\r\n<ul>\r\n<li><span style=\"font-weight: 400\">40\u20ac per a les persones que presenten comunicacions.<\/span><\/li>\r\n<li>20\u20ac per a les persones assistents.\u00a0<\/li>\r\n<li>S\u00f2cies i socis d&#8217;ACV Tirant 50% de descompte sobre el preu.<\/li>\r\n<\/ul>\r\n<p><b>En tots els casos est\u00e0 incl\u00f2s el dinar!<\/b><\/p><p>&nbsp;<\/p>","protected":false},"excerpt":{"rendered":"<p>Podeu inscriure-vos\u00a0 al III Workshop \u201c MOVIMENTS ANTIFEMINISTES I EXTREMA DRETA A EUROPA\u201d de la Fundaci\u00f3 Nexe en aquest formulari. El preu d\u2019inscripci\u00f3 \u00e9s: 40\u20ac per a les persones que presenten comunicacions. 20\u20ac per a les persones assistents.\u00a0 S\u00f2cies i socis d&#8217;ACV Tirant 50% de descompte sobre el preu. En tots els casos est\u00e0 incl\u00f2s &hellip; <a href=\"https:\/\/fundacionexe.org\/workshops\/femlab24\/inscripcions\/\" class=\"more-link\">Continua la lectura de <span class=\"screen-reader-text\">Inscripcions<\/span> <span class=\"meta-nav\">&rarr;<\/span><\/a><\/p>\n","protected":false},"author":2,"featured_media":0,"parent":0,"menu_order":0,"comment_status":"closed","ping_status":"closed","template":"","meta":{"footnotes":""},"class_list":["post-71","page","type-page","status-publish","hentry"],"_links":{"self":[{"href":"https:\/\/fundacionexe.org\/workshops\/femlab24\/wp-json\/wp\/v2\/pages\/71","targetHints":{"allow":["GET"]}}],"collection":[{"href":"https:\/\/fundacionexe.org\/workshops\/femlab24\/wp-json\/wp\/v2\/pages"}],"about":[{"href":"https:\/\/fundacionexe.org\/workshops\/femlab24\/wp-json\/wp\/v2\/types\/page"}],"author":[{"embeddable":true,"href":"https:\/\/fundacionexe.org\/workshops\/femlab24\/wp-json\/wp\/v2\/users\/2"}],"replies":[{"embeddable":true,"href":"https:\/\/fundacionexe.org\/workshops\/femlab24\/wp-json\/wp\/v2\/comments?post=71"}],"version-history":[{"count":18,"href":"https:\/\/fundacionexe.org\/workshops\/femlab24\/wp-json\/wp\/v2\/pages\/71\/revisions"}],"predecessor-version":[{"id":313,"href":"https:\/\/fundacionexe.org\/workshops\/femlab24\/wp-json\/wp\/v2\/pages\/71\/revisions\/313"}],"wp:attachment":[{"href":"https:\/\/fundacionexe.org\/workshops\/femlab24\/wp-json\/wp\/v2\/media?parent=71"}],"curies":[{"name":"wp","href":"https:\/\/api.w.org\/{rel}","templated":true}]}}