{"id":10,"date":"2021-03-25T10:55:27","date_gmt":"2021-03-25T08:55:27","guid":{"rendered":"http:\/\/fundacionexe.org\/workshops\/greenlab\/?page_id=10"},"modified":"2022-12-07T05:25:20","modified_gmt":"2022-12-07T03:25:20","slug":"programa","status":"publish","type":"page","link":"https:\/\/fundacionexe.org\/workshops\/greenlab\/programa\/","title":{"rendered":"Programa"},"content":{"rendered":"<p><span style=\"font-weight: 400;\">Sala Gomis, Avinguda de Manuel Sanchis Guarner<\/span><\/p>\n<p><span style=\"font-weight: 400;\">46870, Ontinyent (La Vall d\u2019Albaida)<\/span><\/p>\n<p>&nbsp;<\/p>\n<p><b>10.00h. Benvinguda al I Workshop del Green Lab<\/b><\/p>\n<p style=\"padding-left: 30px;\"><b>Adri\u00e0 Sisternes<\/b><span style=\"font-weight: 400;\">, coordinador del Green Lab de la Fundaci\u00f3 Nexe<br \/>\n<\/span><\/p>\n<p>&nbsp;<\/p>\n<p><b>10.15h-11.45. CONFER\u00c8NCIA INAUGURAL: <\/b><span style=\"font-weight: 400;\">\u201cCol\u00b7lapse, crisi, emerg\u00e8ncia o la decad\u00e8ncia de la pol\u00edtica en el capitalisme terminal\u201d.\u00a0<\/span><\/p>\n<p style=\"padding-left: 30px;\"><span style=\"font-weight: 400;\">A c\u00e0rrec del professor <\/span><b>Andr\u00e9s Piqueras<\/b><span style=\"font-weight: 400;\">, Universitat Jaume I (pendent de confirmaci\u00f3)<\/span><\/p>\n<p><span style=\"font-weight: 400;\">\u00a0<\/span><\/p>\n<p><b>11.45h. Pausa caf\u00e9<\/b><\/p>\n<p><b>11:45 &#8211; 13:15h. CONVERSA DECREIXENTISTA:<\/b><span style=\"font-weight: 400;\"> Crisis clim\u00e1tica: solucions i fal\u00b7l\u00e0cies.\u00a0<\/span><\/p>\n<p style=\"padding-left: 30px;\"><span style=\"font-weight: 400;\">Amb <\/span><b>Juan Bordera<\/b><span style=\"font-weight: 400;\">, <\/span><span style=\"font-weight: 400;\">periodista i activista en Extinction Rebellion i Val\u00e8ncia en Transici\u00f3.<\/span><\/p>\n<p style=\"padding-left: 30px;\"><b>Modera: Maria Josep Pic\u00f3<\/b><span style=\"font-weight: 400;\">, periodista ambiental i divulgadora cient\u00edfica.<\/span><\/p>\n<p><span style=\"font-weight: 400;\">\u00a0<\/span><\/p>\n<p><b>13.15h. Pausa per al dinar<\/b><\/p>\n<p><b>15.00h \u2013 16:15h. TAULA RODONA:<\/b><span style=\"font-weight: 400;\"> Transici\u00f3 verda i futur en disputa. Reimaginant un futur sostenible en com\u00fa.<\/span><\/p>\n<p style=\"padding-left: 30px;\"><b>Benedetta Scuderi, <\/b><span style=\"font-weight: 400;\">Coportaveu del Young European Greens<\/span><\/p>\n<p style=\"padding-left: 30px;\"><b>Ioana Sintimbrean<\/b><span style=\"font-weight: 400;\">, Arquitecta urbanista i regidora a l\u2019Ajuntament d\u2019Oliva<\/span><\/p>\n<p style=\"padding-left: 30px;\"><b>Joan Sanchis<\/b><span style=\"font-weight: 400;\">, Assessor en la Conselleria d\u2019Economia Sostenible, Sectors Productius, Comer\u00e7 i Treball de la Generalitat Valenciana<\/span><\/p>\n<p style=\"padding-left: 30px;\"><b>Modera: Anna Perpiny\u00e0<\/b><span style=\"font-weight: 400;\">, membre del Green Lab i del Comit\u00e9 Organitzador del Workshop<\/span><\/p>\n<p><span style=\"font-weight: 400;\">\u00a0<\/span><\/p>\n<p><b>16:15h. \u2013 17:30h TALLER: <\/b><span style=\"font-weight: 400;\">Comunicant l\u2019acci\u00f3 clim\u00e0tica.\u00a0<\/span><\/p>\n<p style=\"padding-left: 30px;\"><b>Teresa Ciges<\/b><span style=\"font-weight: 400;\">, periodista experta en comunicaci\u00f3 pol\u00edtica<\/span><\/p>\n<p><span style=\"font-weight: 400;\">\u00a0<\/span><\/p>\n<p><b>17:30h \u2013 18:30h. CONFER\u00c8NCIA FINAL:<\/b><span style=\"font-weight: 400;\"> Seden Anwar \u2013 Diari Verd Europeu.<\/span><\/p>\n<p><span style=\"font-weight: 400;\">\u00a0<\/span><\/p>\n<p><b>18.30h. CONCLUSIONS FINALS<\/b><\/p>\n<p style=\"padding-left: 30px;\"><b>Adri\u00e0 Sisternes Domene<\/b><span style=\"font-weight: 400;\">, coordinador Green Lab<\/span><\/p>\n<p style=\"padding-left: 30px;\"><b>Gon\u00e7al Grau i Muedra<\/b><span style=\"font-weight: 400;\">, vicepresident de la Fundaci\u00f3 Coppieters<\/span><\/p>\n<p style=\"padding-left: 30px;\"><b>Gustau P\u00e9rez P\u00e9rez<\/b><span style=\"font-weight: 400;\">, president de la Fundaci\u00f3 Nexe<\/span><\/p>\n<p style=\"padding-left: 30px;\"><b>Elvira Boluda Serrano<\/b><span style=\"font-weight: 400;\">, vicepresidenta de l\u2019Institut d\u2019Estudis de la Vall d\u2019Albaida<\/span><\/p>\n<p style=\"padding-left: 30px;\"><b>Modera: Idoia Arreaza Aguilera<\/b><span style=\"font-weight: 400;\">, membre del Comit\u00e9 Organitzador del Workshop<\/span><\/p>\n","protected":false},"excerpt":{"rendered":"<p>Sala Gomis, Avinguda de Manuel Sanchis Guarner 46870, Ontinyent (La Vall d\u2019Albaida) &nbsp; 10.00h. Benvinguda al I Workshop del Green Lab Adri\u00e0 Sisternes, coordinador del Green Lab de la Fundaci\u00f3 Nexe &nbsp; 10.15h-11.45. CONFER\u00c8NCIA INAUGURAL: \u201cCol\u00b7lapse, crisi, emerg\u00e8ncia o la decad\u00e8ncia de la pol\u00edtica en el capitalisme terminal\u201d.\u00a0 A c\u00e0rrec del professor Andr\u00e9s Piqueras, Universitat &hellip; <a href=\"https:\/\/fundacionexe.org\/workshops\/greenlab\/programa\/\" class=\"more-link\">Continua la lectura de <span class=\"screen-reader-text\">Programa<\/span> <span class=\"meta-nav\">&rarr;<\/span><\/a><\/p>\n","protected":false},"author":5,"featured_media":0,"parent":0,"menu_order":1,"comment_status":"closed","ping_status":"closed","template":"","meta":{"footnotes":""},"class_list":["post-10","page","type-page","status-publish","hentry"],"_links":{"self":[{"href":"https:\/\/fundacionexe.org\/workshops\/greenlab\/wp-json\/wp\/v2\/pages\/10","targetHints":{"allow":["GET"]}}],"collection":[{"href":"https:\/\/fundacionexe.org\/workshops\/greenlab\/wp-json\/wp\/v2\/pages"}],"about":[{"href":"https:\/\/fundacionexe.org\/workshops\/greenlab\/wp-json\/wp\/v2\/types\/page"}],"author":[{"embeddable":true,"href":"https:\/\/fundacionexe.org\/workshops\/greenlab\/wp-json\/wp\/v2\/users\/5"}],"replies":[{"embeddable":true,"href":"https:\/\/fundacionexe.org\/workshops\/greenlab\/wp-json\/wp\/v2\/comments?post=10"}],"version-history":[{"count":45,"href":"https:\/\/fundacionexe.org\/workshops\/greenlab\/wp-json\/wp\/v2\/pages\/10\/revisions"}],"predecessor-version":[{"id":188,"href":"https:\/\/fundacionexe.org\/workshops\/greenlab\/wp-json\/wp\/v2\/pages\/10\/revisions\/188"}],"wp:attachment":[{"href":"https:\/\/fundacionexe.org\/workshops\/greenlab\/wp-json\/wp\/v2\/media?parent=10"}],"curies":[{"name":"wp","href":"https:\/\/api.w.org\/{rel}","templated":true}]}}