{"id":30,"date":"2021-03-25T11:08:40","date_gmt":"2021-03-25T09:08:40","guid":{"rendered":"http:\/\/fundacionexe.org\/workshops\/greenlab\/?page_id=30"},"modified":"2022-09-22T11:11:38","modified_gmt":"2022-09-22T09:11:38","slug":"comite-cientific","status":"publish","type":"page","link":"https:\/\/fundacionexe.org\/workshops\/greenlab\/comite-cientific\/","title":{"rendered":"Comit\u00e9s"},"content":{"rendered":"<p class=\"has-background is-regular-text has-luminous-vivid-amber-background-color\"><strong>COMIT\u00c9S CIENT\u00cdFIC I ORGANITZADOR<\/strong><\/p>\r\n<p style=\"padding-left: 30px;\"><span style=\"font-weight: 400;\">Adri\u00e0 Sisternes Domene<\/span><\/p>\r\n<p style=\"padding-left: 30px;\"><span style=\"font-weight: 400;\">Vicenta Tasa Fuster<\/span><\/p>\r\n<p style=\"padding-left: 30px;\"><span style=\"font-weight: 400;\">Anna Perpiny\u00e0 i Saragoss\u00e0<\/span><\/p>\r\n<p style=\"padding-left: 30px;\"><span style=\"font-weight: 400;\">Xavier Delgado i Franco<\/span><\/p>\r\n<p style=\"padding-left: 30px;\"><span style=\"font-weight: 400;\">Josep Llu\u00eds Miralles\u00a0<\/span><\/p>\r\n<p style=\"padding-left: 30px;\"><span style=\"font-weight: 400;\">Idoia Arreaza Aguilera<\/span><\/p>\r\n<p style=\"padding-left: 30px;\"><span style=\"font-weight: 400;\">Vicent Cucarella Tormo<\/span><\/p>\r\n<p style=\"padding-left: 30px;\"><span style=\"font-weight: 400;\">Ricard Barber\u00e0 i Guillem<\/span><\/p>\r\n<p style=\"padding-left: 30px;\"><span style=\"font-weight: 400;\">Rafa Mart\u00ednez i P\u00e9rez\u00a0<\/span><\/p>","protected":false},"excerpt":{"rendered":"<p>COMIT\u00c9S CIENT\u00cdFIC I ORGANITZADOR Adri\u00e0 Sisternes Domene Vicenta Tasa Fuster Anna Perpiny\u00e0 i Saragoss\u00e0 Xavier Delgado i Franco Josep Llu\u00eds Miralles\u00a0 Idoia Arreaza Aguilera Vicent Cucarella Tormo Ricard Barber\u00e0 i Guillem Rafa Mart\u00ednez i P\u00e9rez\u00a0<\/p>\n","protected":false},"author":5,"featured_media":0,"parent":0,"menu_order":4,"comment_status":"closed","ping_status":"closed","template":"","meta":{"footnotes":""},"class_list":["post-30","page","type-page","status-publish","hentry"],"_links":{"self":[{"href":"https:\/\/fundacionexe.org\/workshops\/greenlab\/wp-json\/wp\/v2\/pages\/30","targetHints":{"allow":["GET"]}}],"collection":[{"href":"https:\/\/fundacionexe.org\/workshops\/greenlab\/wp-json\/wp\/v2\/pages"}],"about":[{"href":"https:\/\/fundacionexe.org\/workshops\/greenlab\/wp-json\/wp\/v2\/types\/page"}],"author":[{"embeddable":true,"href":"https:\/\/fundacionexe.org\/workshops\/greenlab\/wp-json\/wp\/v2\/users\/5"}],"replies":[{"embeddable":true,"href":"https:\/\/fundacionexe.org\/workshops\/greenlab\/wp-json\/wp\/v2\/comments?post=30"}],"version-history":[{"count":11,"href":"https:\/\/fundacionexe.org\/workshops\/greenlab\/wp-json\/wp\/v2\/pages\/30\/revisions"}],"predecessor-version":[{"id":151,"href":"https:\/\/fundacionexe.org\/workshops\/greenlab\/wp-json\/wp\/v2\/pages\/30\/revisions\/151"}],"wp:attachment":[{"href":"https:\/\/fundacionexe.org\/workshops\/greenlab\/wp-json\/wp\/v2\/media?parent=30"}],"curies":[{"name":"wp","href":"https:\/\/api.w.org\/{rel}","templated":true}]}}