{"id":119,"date":"2019-09-27T11:11:19","date_gmt":"2019-09-27T09:11:19","guid":{"rendered":"http:\/\/fundacionexe.org\/workshops\/identitaticultura21\/?page_id=119"},"modified":"2021-09-30T17:11:11","modified_gmt":"2021-09-30T15:11:11","slug":"seu","status":"publish","type":"page","link":"https:\/\/fundacionexe.org\/workshops\/identitaticultura21\/seu\/","title":{"rendered":"Seu del IV Workshop d\u2019Identitat i Cultura"},"content":{"rendered":"<p>La jornada del mat\u00ed es desenvolupar\u00e0 a la Universitat d&#8217;Alacant, la de la vesprada a la seu universit\u00e0ria ciutat d&#8217;Alacant. A continuaci\u00f3 teniu l&#8217;adre\u00e7a d&#8217;ambdues seus i un mapa orientatiu.<\/p><p><strong>Jornada del mat\u00ed del IV Workshop d&#8217;Identitat i Cultura:<\/strong> Facultat de Filosofia i Lletres de la Universitat d\u2019Alacant<\/p><p>Carrer de Sant Vicent del Raspeig, s\/n, 03690 Sant Vicent del Raspeig, Alacant<\/p><figure class=\"wp-block-image\"><a href=\"https:\/\/www.google.es\/maps\/place\/Universidad+de+Alicante\/@38.3852488,-0.5165048,17z\/data=!3m1!4b1!4m5!3m4!1s0xd6236bb72bf619b:0x506e11c403138428!8m2!3d38.3852446!4d-0.5143161?hl=es&amp;authuser=0\"><img decoding=\"async\" src=\"https:\/\/fundacionexe.org\/39cebb7a-9746-4a5d-a1c3-966a2f71ebf6\" alt=\"\" \/><\/a><\/figure><figure class=\"wp-block-image\"><a href=\"https:\/\/www.google.es\/maps\/place\/Universidad+de+Alicante\/@38.3852488,-0.5165048,17z\/data=!3m1!4b1!4m5!3m4!1s0xd6236bb72bf619b:0x506e11c403138428!8m2!3d38.3852446!4d-0.5143161?hl=es&amp;authuser=0\"><img loading=\"lazy\" decoding=\"async\" width=\"1398\" height=\"837\" src=\"http:\/\/fundacionexe.org\/workshops\/identitaticultura21\/wp-content\/uploads\/sites\/17\/2021\/09\/U.-Alacant.jpg\" alt=\"\" class=\"wp-image-273\" srcset=\"https:\/\/fundacionexe.org\/workshops\/identitaticultura21\/wp-content\/uploads\/sites\/17\/2021\/09\/U.-Alacant.jpg 1398w, https:\/\/fundacionexe.org\/workshops\/identitaticultura21\/wp-content\/uploads\/sites\/17\/2021\/09\/U.-Alacant-300x180.jpg 300w, https:\/\/fundacionexe.org\/workshops\/identitaticultura21\/wp-content\/uploads\/sites\/17\/2021\/09\/U.-Alacant-768x460.jpg 768w, https:\/\/fundacionexe.org\/workshops\/identitaticultura21\/wp-content\/uploads\/sites\/17\/2021\/09\/U.-Alacant-1024x613.jpg 1024w\" sizes=\"auto, (max-width: 1398px) 100vw, 1398px\" \/><\/a><\/figure><p><\/p><p><strong>Jornada de la vesprada del IV Workshop d&#8217;Identitat i Cultura:<\/strong> Seu Universit\u00e0ria Ciutat d&#8217;Alacant<\/p><p>Avinguda de Ram\u00f3n y Cajal, 4, 03001 Alacant<\/p><figure class=\"wp-block-image\"><img loading=\"lazy\" decoding=\"async\" width=\"1056\" height=\"595\" src=\"https:\/\/fundacionexe.org\/workshops\/identitaticultura21\/wp-content\/uploads\/sites\/17\/2021\/09\/Seu-vesprada-workshp.png\" alt=\"\" class=\"wp-image-292\" srcset=\"https:\/\/fundacionexe.org\/workshops\/identitaticultura21\/wp-content\/uploads\/sites\/17\/2021\/09\/Seu-vesprada-workshp.png 1056w, https:\/\/fundacionexe.org\/workshops\/identitaticultura21\/wp-content\/uploads\/sites\/17\/2021\/09\/Seu-vesprada-workshp-300x169.png 300w, https:\/\/fundacionexe.org\/workshops\/identitaticultura21\/wp-content\/uploads\/sites\/17\/2021\/09\/Seu-vesprada-workshp-768x433.png 768w, https:\/\/fundacionexe.org\/workshops\/identitaticultura21\/wp-content\/uploads\/sites\/17\/2021\/09\/Seu-vesprada-workshp-1024x577.png 1024w\" sizes=\"auto, (max-width: 1056px) 100vw, 1056px\" \/><\/figure>","protected":false},"excerpt":{"rendered":"<p>La jornada del mat\u00ed es desenvolupar\u00e0 a la Universitat d&#8217;Alacant, la de la vesprada a la seu universit\u00e0ria ciutat d&#8217;Alacant. A continuaci\u00f3 teniu l&#8217;adre\u00e7a d&#8217;ambdues seus i un mapa orientatiu. Jornada del mat\u00ed del IV Workshop d&#8217;Identitat i Cultura: Facultat de Filosofia i Lletres de la Universitat d\u2019Alacant Carrer de Sant Vicent del Raspeig, s\/n, &hellip; <a href=\"https:\/\/fundacionexe.org\/workshops\/identitaticultura21\/seu\/\" class=\"more-link\">Continua la lectura de <span class=\"screen-reader-text\">Seu del IV Workshop d\u2019Identitat i Cultura<\/span> <span class=\"meta-nav\">&rarr;<\/span><\/a><\/p>\n","protected":false},"author":2,"featured_media":0,"parent":0,"menu_order":0,"comment_status":"closed","ping_status":"closed","template":"","meta":{"footnotes":""},"class_list":["post-119","page","type-page","status-publish","hentry"],"_links":{"self":[{"href":"https:\/\/fundacionexe.org\/workshops\/identitaticultura21\/wp-json\/wp\/v2\/pages\/119","targetHints":{"allow":["GET"]}}],"collection":[{"href":"https:\/\/fundacionexe.org\/workshops\/identitaticultura21\/wp-json\/wp\/v2\/pages"}],"about":[{"href":"https:\/\/fundacionexe.org\/workshops\/identitaticultura21\/wp-json\/wp\/v2\/types\/page"}],"author":[{"embeddable":true,"href":"https:\/\/fundacionexe.org\/workshops\/identitaticultura21\/wp-json\/wp\/v2\/users\/2"}],"replies":[{"embeddable":true,"href":"https:\/\/fundacionexe.org\/workshops\/identitaticultura21\/wp-json\/wp\/v2\/comments?post=119"}],"version-history":[{"count":11,"href":"https:\/\/fundacionexe.org\/workshops\/identitaticultura21\/wp-json\/wp\/v2\/pages\/119\/revisions"}],"predecessor-version":[{"id":295,"href":"https:\/\/fundacionexe.org\/workshops\/identitaticultura21\/wp-json\/wp\/v2\/pages\/119\/revisions\/295"}],"wp:attachment":[{"href":"https:\/\/fundacionexe.org\/workshops\/identitaticultura21\/wp-json\/wp\/v2\/media?parent=119"}],"curies":[{"name":"wp","href":"https:\/\/api.w.org\/{rel}","templated":true}]}}