{"id":2,"date":"2019-03-22T13:08:14","date_gmt":"2019-03-22T11:08:14","guid":{"rendered":"http:\/\/fundacionexe.org\/workshops\/identitaticultura21\/?page_id=2"},"modified":"2021-10-27T12:43:03","modified_gmt":"2021-10-27T10:43:03","slug":"inici","status":"publish","type":"page","link":"https:\/\/fundacionexe.org\/workshops\/identitaticultura21\/inici\/","title":{"rendered":"Programa"},"content":{"rendered":"<p><b>DIA 27 D\u2019OCTUBRE, MAT\u00cd<\/b><\/p>\n<p><strong>Lloc: <\/strong><em>Aula Magna de la Facultat de Filosofia i Lletres<\/em><\/p>\n<p><b>8.45 h. Acreditaci\u00f3<\/b><\/p>\n<p><b>9.15 h. Obertura institucional<\/b><\/p>\n<ul>\n<li>Rub\u00e9n Trenzano, director general de Pol\u00edtica Ling\u00fc\u00edstica i Gesti\u00f3 del Multiling\u00fcisme<\/li>\n<li>H\u00e8ctor C\u00e0mara Sempere, director del secretariat de lleng\u00fces de la UA<\/li>\n<li>Susanna Pardines L\u00f3pez, coordinadora del Lab d&#8217;Identitat i Cultura de la Fundaci\u00f3 Nexe<\/li>\n<\/ul>\n<p><b>9.30 h. Pon\u00e8ncia I: &#8220;Territori, llengua i poblaci\u00f3: una fotografia borrosa&#8221;<\/b><\/p>\n<p>A c\u00e0rrec de Jos\u00e9 Ram\u00f3n Valero Escandell, professor del Departament de Geografia Humana de la Universitat d&#8217;Alacant<\/p>\n<p>Modera: Antoni Mas, membre del Lab d&#8217;Identitat i Cultura de la Fundaci\u00f3 Nexe.<\/p>\n<p><b>10.15 h. T\u00e0ndem I<\/b><\/p>\n<ul>\n<li><span style=\"font-weight: 400\">Raquel Casesnoves Ferrer, professora del Departament de Filologia Catalana de la Facultat de Filologia, Traducci\u00f3 i Comunicaci\u00f3 (UV)<\/span><\/li>\n<li><span style=\"font-weight: 400\">\u00c0ngels Dom\u00e9nech Garcia, agent de desenvolupament local de l&#8217;Ajuntament de Benidorm<\/span><\/li>\n<\/ul>\n<p>Modera: Vicenta Tasa i Fuster, directora acad\u00e8mica de la Fundaci\u00f3 Nexe<\/p>\n<p><b>11.15 h. Pausa-caf\u00e9<\/b><\/p>\n<p><b>11.45 h. Pon\u00e8ncia II: &#8220;Assaig d&#8217;aprehendre socioling\u00fc\u00edsticament el desordre territorial&#8221;<\/b><\/p>\n<p><span style=\"font-weight: 400\">A c\u00e0rrec de Francesc Hern\u00e0ndez i Dobon, professor del Departament de Sociologia i Antropologia Social de la Facultat de Ci\u00e8ncies Socials (UV)<\/span><\/p>\n<p>Modera: Miquel Nicol\u00e0s Amor\u00f3s, membre del Lab d&#8217;Identitat i Cultura de la Fundaci\u00f3 Nexe<\/p>\n<p><b>12.30 h. T\u00e0ndem II<\/b><\/p>\n<ul>\n<li><span style=\"font-weight: 400\">Sandra Obiol Franc\u00e9s, professora del Departament de Sociologia i Antropologia Social de la Facultat de Ci\u00e8ncies Socials (UV)<\/span><\/li>\n<li><span style=\"font-weight: 400\">Mar Iglesias Garc\u00eda, presidenta del Consell Rector de la CVMC-\u00c0 Punt M\u00e8dia i professora del Departament de Comunicaci\u00f3 Psicologia Social de la Universitat d&#8217;Alacant<\/span><\/li>\n<\/ul>\n<p>Modera: Anselm Bodoque Arribas, membre del Lab d&#8217;Identitat i Cultura de la Fundaci\u00f3 Nexe<\/p>\n<p><b>13.30 h. Conclusions<\/b><\/p>\n<p>Condu\u00efdes per Anselm Bodoque Arribas, membre del Lab d&#8217;Identitat i Cultura de la Fundaci\u00f3 Nexe<\/p>\n<p>\u00a0<\/p>\n<p><b>DIA 27 D\u2019OCTUBRE, VESPRADA<\/b><\/p>\n<p><strong>Lloc:<\/strong> <em>Seu Universit\u00e0ria Ciutat d&#8217;Alacant<\/em><\/p>\n<p><b>18.30h. Presentaci\u00f3 de l\u2019\u00c0gora 8 <\/b><b><i>Temptacions de frontera. Identitat, pol\u00edtica i territori al sud valenci\u00e0<\/i><\/b><\/p>\n<p><span style=\"font-weight: 400\">Andreu Ca\u00f1adas Cuadrado, llicenciat en Antropologia Social per la Universitat Miguel Hern\u00e1ndez i doctor per la Universitat d&#8217;Alacant<\/span><\/p>\n<p>Marian Campello Moreno,\u00a0De carr\u00fas. Treballadora en actiu des dels 16 anys, professional de l&#8217;educaci\u00f3 no formal. Diputada i Presidenta de la Comissi\u00f3 d&#8217;Educaci\u00f3 i Cultura durant la legislatura IX a Les Corts Valencianes, actualment assessora al Gabinet de la Presid\u00e8ncia.<\/p>\n<p>Presenta i modera: Susanna Pardines L\u00f3pez, coordinadora del Lab d&#8217;Identitat i Cultura de la Fundaci\u00f3 Nexe<\/p>\n","protected":false},"excerpt":{"rendered":"<p>DIA 27 D\u2019OCTUBRE, MAT\u00cd Lloc: Aula Magna de la Facultat de Filosofia i Lletres 8.45 h. Acreditaci\u00f3 9.15 h. Obertura institucional Rub\u00e9n Trenzano, director general de Pol\u00edtica Ling\u00fc\u00edstica i Gesti\u00f3 del Multiling\u00fcisme H\u00e8ctor C\u00e0mara Sempere, director del secretariat de lleng\u00fces de la UA Susanna Pardines L\u00f3pez, coordinadora del Lab d&#8217;Identitat i Cultura de la Fundaci\u00f3 &hellip; <a href=\"https:\/\/fundacionexe.org\/workshops\/identitaticultura21\/inici\/\" class=\"more-link\">Continua la lectura de <span class=\"screen-reader-text\">Programa<\/span> <span class=\"meta-nav\">&rarr;<\/span><\/a><\/p>\n","protected":false},"author":1,"featured_media":0,"parent":0,"menu_order":0,"comment_status":"closed","ping_status":"closed","template":"","meta":{"footnotes":""},"class_list":["post-2","page","type-page","status-publish","hentry"],"_links":{"self":[{"href":"https:\/\/fundacionexe.org\/workshops\/identitaticultura21\/wp-json\/wp\/v2\/pages\/2","targetHints":{"allow":["GET"]}}],"collection":[{"href":"https:\/\/fundacionexe.org\/workshops\/identitaticultura21\/wp-json\/wp\/v2\/pages"}],"about":[{"href":"https:\/\/fundacionexe.org\/workshops\/identitaticultura21\/wp-json\/wp\/v2\/types\/page"}],"author":[{"embeddable":true,"href":"https:\/\/fundacionexe.org\/workshops\/identitaticultura21\/wp-json\/wp\/v2\/users\/1"}],"replies":[{"embeddable":true,"href":"https:\/\/fundacionexe.org\/workshops\/identitaticultura21\/wp-json\/wp\/v2\/comments?post=2"}],"version-history":[{"count":60,"href":"https:\/\/fundacionexe.org\/workshops\/identitaticultura21\/wp-json\/wp\/v2\/pages\/2\/revisions"}],"predecessor-version":[{"id":310,"href":"https:\/\/fundacionexe.org\/workshops\/identitaticultura21\/wp-json\/wp\/v2\/pages\/2\/revisions\/310"}],"wp:attachment":[{"href":"https:\/\/fundacionexe.org\/workshops\/identitaticultura21\/wp-json\/wp\/v2\/media?parent=2"}],"curies":[{"name":"wp","href":"https:\/\/api.w.org\/{rel}","templated":true}]}}