{"id":64,"date":"2019-04-11T11:08:09","date_gmt":"2019-04-11T09:08:09","guid":{"rendered":"http:\/\/fundacionexe.org\/workshops\/identitaticultura21\/?page_id=64"},"modified":"2021-10-04T11:48:41","modified_gmt":"2021-10-04T09:48:41","slug":"comite-organitzador","status":"publish","type":"page","link":"https:\/\/fundacionexe.org\/workshops\/identitaticultura21\/comite-organitzador\/","title":{"rendered":"Comit\u00e9 Organitzador i Comit\u00e9 Cient\u00edfic"},"content":{"rendered":"<p><strong>Comit\u00e9 Organitzador<\/strong><\/p><ul class=\"wp-block-list\">\n\t<li>Idoia Arreaza, directora de projectes de la Fundaci\u00f3 Nexe<\/li>\n\t<li>Anselm Bodoque, professor del Departament de Dret Constitucional, Ci\u00e8ncia Pol\u00edtica i de l\u2019Administraci\u00f3 de la Universitat de Val\u00e8ncia<\/li>\n\t<li>Raquel Casesnoves, professora del Departament de Filologia Catalana de la Universitat de Val\u00e8ncia<\/li>\n\t<li>Antoni Mas, professor Departament de Filologia Catalana de la Universitat d\u2019Alacant<\/li>\n\t<li>H\u00e8ctor C\u00e0mara, professor Departament de Filologia Catalana de la Universitat d\u2019Alacant<\/li>\n\t<li>Susanna Pardines, t\u00e8cnica ling\u00fc\u00edstica de l\u2019AVL i coordinadora del Lab d\u2019Identitat i Cultura de la Fundaci\u00f3 Nexe<\/li>\n<\/ul><p><strong>Comit\u00e9 Cient\u00edfic<\/strong><\/p><p><\/p><ul class=\"wp-block-list\">\n\t<li>Anselm Bodoque, professor del Departament de Dret Constitucional, Ci\u00e8ncia Pol\u00edtica i de l\u2019Administraci\u00f3 (UV)<\/li>\n\t<li>H\u00e8ctor C\u00e0mara, professor del Departament de Filologia Catalana (UA)\u00a0<\/li>\n\t<li>Raquel Casesnoves, professora del departament de Filologia Catalana (UV)<\/li>\n\t<li>Rafael Castell\u00f3, professor del Departament de Sociologia i Antropologia Social (UV)<\/li>\n\t<li>Vicent Climent-Ferrando, professor del Departament de Traducci\u00f3 i Ci\u00e8ncies del Llenguatge (UPF)<\/li>\n\t<li>Francesc J. Hern\u00e0ndez, professor del Departament de Sociologia i Antropologia Social (UV)<\/li>\n\t<li>Antoni Mas, professor del Departament de Filologia Catalana (UA)<\/li>\n\t<li>Josep \u00c0ngel Mas, professor del Departament de Ling\u00fc\u00edstica Aplicada (UPV)<\/li>\n\t<li>Miquel Nicol\u00e0s, professor del Departament de Filologia Catalana (UV)<\/li>\n\t<li>\u00c0lvar Peris, professor del Departament de Teoria dels Llenguatges i Ci\u00e8ncies de la Comunicaci\u00f3 (UV)<\/li>\n\t<li>Miquel \u00c0ngel Pradilla, professor del Departament de Filologia Catalana (URV)<\/li>\n\t<li>Vicenta Tasa, professora del Departament de Dret Constitucional, Ci\u00e8ncia Pol\u00edtica i de l\u2019Administraci\u00f3 (UV)<\/li>\n<\/ul><p><\/p><p><\/p>","protected":false},"excerpt":{"rendered":"<p>Comit\u00e9 Organitzador Idoia Arreaza, directora de projectes de la Fundaci\u00f3 Nexe Anselm Bodoque, professor del Departament de Dret Constitucional, Ci\u00e8ncia Pol\u00edtica i de l\u2019Administraci\u00f3 de la Universitat de Val\u00e8ncia Raquel Casesnoves, professora del Departament de Filologia Catalana de la Universitat de Val\u00e8ncia Antoni Mas, professor Departament de Filologia Catalana de la Universitat d\u2019Alacant H\u00e8ctor C\u00e0mara, &hellip; <a href=\"https:\/\/fundacionexe.org\/workshops\/identitaticultura21\/comite-organitzador\/\" class=\"more-link\">Continua la lectura de <span class=\"screen-reader-text\">Comit\u00e9 Organitzador i Comit\u00e9 Cient\u00edfic<\/span> <span class=\"meta-nav\">&rarr;<\/span><\/a><\/p>\n","protected":false},"author":2,"featured_media":0,"parent":0,"menu_order":0,"comment_status":"closed","ping_status":"closed","template":"","meta":{"footnotes":""},"class_list":["post-64","page","type-page","status-publish","hentry"],"_links":{"self":[{"href":"https:\/\/fundacionexe.org\/workshops\/identitaticultura21\/wp-json\/wp\/v2\/pages\/64","targetHints":{"allow":["GET"]}}],"collection":[{"href":"https:\/\/fundacionexe.org\/workshops\/identitaticultura21\/wp-json\/wp\/v2\/pages"}],"about":[{"href":"https:\/\/fundacionexe.org\/workshops\/identitaticultura21\/wp-json\/wp\/v2\/types\/page"}],"author":[{"embeddable":true,"href":"https:\/\/fundacionexe.org\/workshops\/identitaticultura21\/wp-json\/wp\/v2\/users\/2"}],"replies":[{"embeddable":true,"href":"https:\/\/fundacionexe.org\/workshops\/identitaticultura21\/wp-json\/wp\/v2\/comments?post=64"}],"version-history":[{"count":14,"href":"https:\/\/fundacionexe.org\/workshops\/identitaticultura21\/wp-json\/wp\/v2\/pages\/64\/revisions"}],"predecessor-version":[{"id":302,"href":"https:\/\/fundacionexe.org\/workshops\/identitaticultura21\/wp-json\/wp\/v2\/pages\/64\/revisions\/302"}],"wp:attachment":[{"href":"https:\/\/fundacionexe.org\/workshops\/identitaticultura21\/wp-json\/wp\/v2\/media?parent=64"}],"curies":[{"name":"wp","href":"https:\/\/api.w.org\/{rel}","templated":true}]}}