{"id":2,"date":"2019-03-22T13:08:14","date_gmt":"2019-03-22T11:08:14","guid":{"rendered":"http:\/\/fundacionexe.org\/workshops\/identitaticultura23\/?page_id=2"},"modified":"2023-10-13T17:38:09","modified_gmt":"2023-10-13T15:38:09","slug":"inici","status":"publish","type":"page","link":"https:\/\/fundacionexe.org\/workshops\/identitaticultura23\/inici\/","title":{"rendered":"Programa"},"content":{"rendered":"<p><span style=\"font-weight: 400\">Dia 17 d\u2019octubre de 2023<\/span><\/p>\n<p><span style=\"font-weight: 400\">Lloc: Sala Refectori del Centre del Carme de Cultura Contempor\u00e0nia<\/span><\/p>\n<p><b>9.15 h. Acreditaci\u00f3<\/b><\/p>\n<p><b>9.45 h. Obertura institucional<\/b><\/p>\n<ul>\n<li><b>Anna Perpiny\u00e0 Saragoss\u00e0<\/b>, secret\u00e0ria general de la Fundaci\u00f3 Nexe<\/li>\n<li><strong>Vicent Satorres Calabuig<\/strong>,\u00a0subdirector general de pol\u00edtica ling\u00fc\u00edstica<\/li>\n<li><strong>Susanna Pardines<\/strong>, coordinadora del Lab d\u2019Identitat i Cultura de la Fundaci\u00f3 Nexe<\/li>\n<\/ul>\n<p><b>10.00 h. Pon\u00e8ncia I. <\/b><b>El compliment de la Carta Europea per part dels estats membres<\/b><\/p>\n<p><span style=\"font-weight: 400\">A c\u00e0rrec de<\/span><b> Fernando Ramallo<\/b><span style=\"font-weight: 400\">, <\/span><span style=\"font-weight: 400\">catedr\u00e0tic de Ling\u00fc\u00edstica General de la Universitat de Vigo i membre del Comit\u00e9 d\u2019Experts de la Carta Europea entre 2013 i 2019<\/span><\/p>\n<p><span style=\"font-weight: 400\">Presenta: <\/span><b>Raquel Casesnoves<\/b><span style=\"font-weight: 400\">, professora del Departament de Filologia Catalana (UV)<\/span><\/p>\n<p><b>10.45 h. Pausa-caf\u00e9<\/b><\/p>\n<p><b>11.15 h. Taula redona. Lleng\u00fces minoritzades d\u2019Europa I<\/b><\/p>\n<ul>\n<li style=\"font-weight: 400\"><b>Myriam Guillevic<\/b><span style=\"font-weight: 400\">, professora de bret\u00f3 en la Universitat de Rennes (<\/span><span style=\"font-weight: 400\">bret\u00f3)<\/span><\/li>\n<li style=\"font-weight: 400\"><b>Bernadette O&#8217;Rourke<\/b><span style=\"font-weight: 400\">, catedr\u00e0tica de Socioling\u00fc\u00edstica i Estudis Hisp\u00e0nics a la Universitat de Glasgow <\/span><span style=\"font-weight: 400\">(<\/span><span style=\"font-weight: 400\">irland\u00e9s)<\/span><\/li>\n<li style=\"font-weight: 400\"><b>David C\u00f3rdoba Bou<\/b><span style=\"font-weight: 400\">, comunicador viatger (sami)<\/span><\/li>\n<\/ul>\n<p><span style=\"font-weight: 400\">Modera: <\/span><b>Josep \u00c0ngel Mas<\/b><span style=\"font-weight: 400\">, professor del Departament de Ling\u00fc\u00edstica Aplicada (UPV)<\/span><\/p>\n<p><b>12.30 h. Pon\u00e8ncia II: Podem tenir un bon sistema de drets ling\u00fc\u00edstics en un estat europeu multiling\u00fce?<\/b><\/p>\n<p><span style=\"font-weight: 400\">A c\u00e0rrec de<\/span><b> Vicenta Tasa<\/b><span style=\"font-weight: 400\">, professora de Dret Constitucional de la Universitat de Val\u00e8ncia<\/span><\/p>\n<p><span style=\"font-weight: 400\">Presenta: <\/span><b>Susanna Pardines<\/b><span style=\"font-weight: 400\">, coordinadora del Lab d\u2019Identitat i Cultura de la Fundaci\u00f3 Nexe<\/span><\/p>\n<p><b>13.15 h. Dinar<\/b><\/p>\n<p><b>16.00 h.\u00a0 Pon\u00e8ncia III. \u00a0 An\u00e0lisi de l\u2019informe presentat per l\u2019estat espanyol al Consell d\u2019Europa sobre el compliment de la Carta.<\/b><\/p>\n<p><span style=\"font-weight: 400\">A c\u00e0rrec de <\/span><b>Xabier Arzoz<\/b><span style=\"font-weight: 400\">, catedr\u00e0tic de Dret Administratiu de la Universitat Nacional d\u2019Educaci\u00f3 a Dist\u00e0ncia<\/span><\/p>\n<p><span style=\"font-weight: 400\">Presenta: <\/span><b>Rafael Castell\u00f3<\/b><span style=\"font-weight: 400\">, professor del Departament de Sociologia i Antropologia Social (UV)<\/span><\/p>\n<p><b>16.45 h. Taula redona. <\/b><b>Lleng\u00fces minoritzades d\u2019Europa<\/b><b> II<\/b><\/p>\n<ul>\n<li style=\"font-weight: 400\"><b>Reglindis De Ridder<\/b><span style=\"font-weight: 400\">, professora d\u2019estudis holandesos en la Universitat d\u2019Estocolm (<\/span><span style=\"font-weight: 400\">holand\u00e9s)<\/span><\/li>\n<li style=\"font-weight: 400\"><b>Guglielmo Cevolin<\/b><span style=\"font-weight: 400\">, professor de Dret P\u00fablic a la Universitat d\u2019Udine (<\/span><span style=\"font-weight: 400\">fri\u00fcl\u00e0)<\/span><\/li>\n<li style=\"font-weight: 400\"><b>Tore Cubeddu<\/b><span style=\"font-weight: 400\">, graduat en Filosofia i m\u00e0ster en Storytelling. Director de Terra de Punt (<\/span><span style=\"font-weight: 400\">sard)<\/span><\/li>\n<\/ul>\n<p><span style=\"font-weight: 400\">Modera: <\/span><b>Anselm Bodoque<\/b><span style=\"font-weight: 400\">, professor del Departament de Dret Constitucional, Ci\u00e8ncia Pol\u00edtica i de l\u2019Administraci\u00f3 (UV)<\/span><\/p>\n<p><b>18.15 h. Conclusions<\/b><\/p>\n<p><span style=\"font-weight: 400\">Condu\u00efdes per<\/span><b> Miquel Nicol\u00e0s<\/b><span style=\"font-weight: 400\">, professor del Departament de Filologia Catalana (UV)<\/span><\/p>\n<p><b>18.30 h. Cloenda institucional<\/b><\/p>\n<p><span style=\"font-weight: 400\">A c\u00e0rrec de <\/span><b>Gon\u00e7al Grau i Muedra<\/b><span style=\"font-weight: 400\">, membre del Bureau de la Coppieters Foundation<\/span><\/p>\n","protected":false},"excerpt":{"rendered":"<p>Dia 17 d\u2019octubre de 2023 Lloc: Sala Refectori del Centre del Carme de Cultura Contempor\u00e0nia 9.15 h. Acreditaci\u00f3 9.45 h. Obertura institucional Anna Perpiny\u00e0 Saragoss\u00e0, secret\u00e0ria general de la Fundaci\u00f3 Nexe Vicent Satorres Calabuig,\u00a0subdirector general de pol\u00edtica ling\u00fc\u00edstica Susanna Pardines, coordinadora del Lab d\u2019Identitat i Cultura de la Fundaci\u00f3 Nexe 10.00 h. Pon\u00e8ncia I. El &hellip; <a href=\"https:\/\/fundacionexe.org\/workshops\/identitaticultura23\/inici\/\" class=\"more-link\">Continua la lectura de <span class=\"screen-reader-text\">Programa<\/span> <span class=\"meta-nav\">&rarr;<\/span><\/a><\/p>\n","protected":false},"author":1,"featured_media":0,"parent":0,"menu_order":0,"comment_status":"closed","ping_status":"closed","template":"","meta":{"footnotes":""},"class_list":["post-2","page","type-page","status-publish","hentry"],"_links":{"self":[{"href":"https:\/\/fundacionexe.org\/workshops\/identitaticultura23\/wp-json\/wp\/v2\/pages\/2","targetHints":{"allow":["GET"]}}],"collection":[{"href":"https:\/\/fundacionexe.org\/workshops\/identitaticultura23\/wp-json\/wp\/v2\/pages"}],"about":[{"href":"https:\/\/fundacionexe.org\/workshops\/identitaticultura23\/wp-json\/wp\/v2\/types\/page"}],"author":[{"embeddable":true,"href":"https:\/\/fundacionexe.org\/workshops\/identitaticultura23\/wp-json\/wp\/v2\/users\/1"}],"replies":[{"embeddable":true,"href":"https:\/\/fundacionexe.org\/workshops\/identitaticultura23\/wp-json\/wp\/v2\/comments?post=2"}],"version-history":[{"count":68,"href":"https:\/\/fundacionexe.org\/workshops\/identitaticultura23\/wp-json\/wp\/v2\/pages\/2\/revisions"}],"predecessor-version":[{"id":354,"href":"https:\/\/fundacionexe.org\/workshops\/identitaticultura23\/wp-json\/wp\/v2\/pages\/2\/revisions\/354"}],"wp:attachment":[{"href":"https:\/\/fundacionexe.org\/workshops\/identitaticultura23\/wp-json\/wp\/v2\/media?parent=2"}],"curies":[{"name":"wp","href":"https:\/\/api.w.org\/{rel}","templated":true}]}}