{"id":64,"date":"2019-04-11T11:08:09","date_gmt":"2019-04-11T09:08:09","guid":{"rendered":"http:\/\/fundacionexe.org\/workshops\/identitaticultura23\/?page_id=64"},"modified":"2023-09-20T12:46:55","modified_gmt":"2023-09-20T10:46:55","slug":"comite-organitzador","status":"publish","type":"page","link":"https:\/\/fundacionexe.org\/workshops\/identitaticultura23\/comite-organitzador\/","title":{"rendered":"Comit\u00e9 Organitzador i Comit\u00e9 Cient\u00edfic"},"content":{"rendered":"<p><strong>COMIT\u00c9 ORGANITZADOR<\/strong><\/p>\n<ul>\n<li style=\"font-weight: 400\"><span style=\"font-weight: 400\">Idoia Arreaza, t\u00e8cnica de projectes de la Fundaci\u00f3 Nexe<\/span><\/li>\n<li style=\"font-weight: 400\"><span style=\"font-weight: 400\">Clara Gisbert, t\u00e8cnica de projectes de la Fundaci\u00f3 Nexe<\/span><\/li>\n<li style=\"font-weight: 400\"><span style=\"font-weight: 400\">Josep \u00c0ngel Mas, professor del Departament de Ling\u00fc\u00edstica Aplicada (UPV)<\/span><\/li>\n<li style=\"font-weight: 400\"><span style=\"font-weight: 400\">Raquel Casesnoves, professora del Departament de Filologia Catalana (UV)\u00a0<\/span><\/li>\n<li style=\"font-weight: 400\"><span style=\"font-weight: 400\">Antoni Mas, professor Departament de Filologia Catalana (UA)<\/span><\/li>\n<li style=\"font-weight: 400\"><span style=\"font-weight: 400\">Vicenta Tasa, professora del Departament de Dret Constitucional, Ci\u00e8ncia Pol\u00edtica i de l\u2019Administraci\u00f3 (UV)<\/span><\/li>\n<li style=\"font-weight: 400\"><span style=\"font-weight: 400\">Susanna Pardines, coordinadora del Lab d\u2019Identitat i Cultura de la Fundaci\u00f3 Nexe<\/span><\/li>\n<\/ul>\n<p>&nbsp;<\/p>\n<p><strong>COMIT\u00c9 CIENT\u00cdFIC<\/strong><\/p>\n<ul>\n<li style=\"font-weight: 400\"><span style=\"font-weight: 400\">Anselm Bodoque, professor del Departament de Dret Constitucional, Ci\u00e8ncia Pol\u00edtica i de l\u2019Administraci\u00f3 (UV)<\/span><\/li>\n<li style=\"font-weight: 400\"><span style=\"font-weight: 400\">Raquel Casesnoves, professora del departament de Filologia Catalana (UV)<\/span><\/li>\n<li style=\"font-weight: 400\"><span style=\"font-weight: 400\">Rafael Castell\u00f3, professor del Departament de Sociologia i Antropologia Social (UV)<\/span><\/li>\n<li style=\"font-weight: 400\"><span style=\"font-weight: 400\">Francesc J. Hern\u00e0ndez, professor del Departament de Sociologia i Antropologia Social (UV)<\/span><\/li>\n<li style=\"font-weight: 400\"><span style=\"font-weight: 400\">Antoni Mas, professor del Departament de Filologia Catalana (UA)<\/span><\/li>\n<li style=\"font-weight: 400\"><span style=\"font-weight: 400\">Josep \u00c0ngel Mas, professor del Departament de Ling\u00fc\u00edstica Aplicada (UPV)<\/span><\/li>\n<li style=\"font-weight: 400\"><span style=\"font-weight: 400\">Miquel Nicol\u00e0s, professor del Departament de Filologia Catalana (UV)<\/span><\/li>\n<li style=\"font-weight: 400\"><span style=\"font-weight: 400\">Susanna Pardines, coordinadora del Lab d\u2019Identitat i Cultura de la Fundaci\u00f3 Nexe<\/span><\/li>\n<li style=\"font-weight: 400\"><span style=\"font-weight: 400\">Vicenta Tasa, professora del Departament de Dret Constitucional, Ci\u00e8ncia Pol\u00edtica i de l\u2019Administraci\u00f3 (UV)<\/span><\/li>\n<\/ul>\n","protected":false},"excerpt":{"rendered":"<p>COMIT\u00c9 ORGANITZADOR Idoia Arreaza, t\u00e8cnica de projectes de la Fundaci\u00f3 Nexe Clara Gisbert, t\u00e8cnica de projectes de la Fundaci\u00f3 Nexe Josep \u00c0ngel Mas, professor del Departament de Ling\u00fc\u00edstica Aplicada (UPV) Raquel Casesnoves, professora del Departament de Filologia Catalana (UV)\u00a0 Antoni Mas, professor Departament de Filologia Catalana (UA) Vicenta Tasa, professora del Departament de Dret Constitucional, &hellip; <a href=\"https:\/\/fundacionexe.org\/workshops\/identitaticultura23\/comite-organitzador\/\" class=\"more-link\">Continua la lectura de <span class=\"screen-reader-text\">Comit\u00e9 Organitzador i Comit\u00e9 Cient\u00edfic<\/span> <span class=\"meta-nav\">&rarr;<\/span><\/a><\/p>\n","protected":false},"author":2,"featured_media":0,"parent":0,"menu_order":0,"comment_status":"closed","ping_status":"closed","template":"","meta":{"footnotes":""},"class_list":["post-64","page","type-page","status-publish","hentry"],"_links":{"self":[{"href":"https:\/\/fundacionexe.org\/workshops\/identitaticultura23\/wp-json\/wp\/v2\/pages\/64","targetHints":{"allow":["GET"]}}],"collection":[{"href":"https:\/\/fundacionexe.org\/workshops\/identitaticultura23\/wp-json\/wp\/v2\/pages"}],"about":[{"href":"https:\/\/fundacionexe.org\/workshops\/identitaticultura23\/wp-json\/wp\/v2\/types\/page"}],"author":[{"embeddable":true,"href":"https:\/\/fundacionexe.org\/workshops\/identitaticultura23\/wp-json\/wp\/v2\/users\/2"}],"replies":[{"embeddable":true,"href":"https:\/\/fundacionexe.org\/workshops\/identitaticultura23\/wp-json\/wp\/v2\/comments?post=64"}],"version-history":[{"count":18,"href":"https:\/\/fundacionexe.org\/workshops\/identitaticultura23\/wp-json\/wp\/v2\/pages\/64\/revisions"}],"predecessor-version":[{"id":345,"href":"https:\/\/fundacionexe.org\/workshops\/identitaticultura23\/wp-json\/wp\/v2\/pages\/64\/revisions\/345"}],"wp:attachment":[{"href":"https:\/\/fundacionexe.org\/workshops\/identitaticultura23\/wp-json\/wp\/v2\/media?parent=64"}],"curies":[{"name":"wp","href":"https:\/\/api.w.org\/{rel}","templated":true}]}}