{"id":119,"date":"2019-09-27T11:11:19","date_gmt":"2019-09-27T09:11:19","guid":{"rendered":"http:\/\/fundacionexe.org\/workshops\/luev-identitaticultura24\/?page_id=119"},"modified":"2024-10-11T10:44:10","modified_gmt":"2024-10-11T08:44:10","slug":"seu","status":"publish","type":"page","link":"https:\/\/fundacionexe.org\/workshops\/luev-identitaticultura24\/seu\/","title":{"rendered":"Col\u00b7laboradors"},"content":{"rendered":"<p>Conselleria d&#8217;Educaci\u00f3, Cultura, Universitats i Ocupaci\u00f3 &#8211; Direcci\u00f3 General\u00a0d&#8217;Ordenaci\u00f3 Educativa i Pol\u00edtica Ling\u00fc\u00edstica<\/p>\r\n<p><img loading=\"lazy\" decoding=\"async\" class=\"alignnone size-medium wp-image-384\" src=\"http:\/\/fundacionexe.org\/workshops\/luev-identitaticultura24\/wp-content\/uploads\/sites\/24\/2024\/10\/Conselleria-de-Educaci\u00f3n-Cultura-Universidades-y-Empleo-PANTONE-300x160.png\" alt=\"\" width=\"300\" height=\"160\" srcset=\"https:\/\/fundacionexe.org\/workshops\/luev-identitaticultura24\/wp-content\/uploads\/sites\/24\/2024\/10\/Conselleria-de-Educaci\u00f3n-Cultura-Universidades-y-Empleo-PANTONE-300x160.png 300w, https:\/\/fundacionexe.org\/workshops\/luev-identitaticultura24\/wp-content\/uploads\/sites\/24\/2024\/10\/Conselleria-de-Educaci\u00f3n-Cultura-Universidades-y-Empleo-PANTONE-768x410.png 768w, https:\/\/fundacionexe.org\/workshops\/luev-identitaticultura24\/wp-content\/uploads\/sites\/24\/2024\/10\/Conselleria-de-Educaci\u00f3n-Cultura-Universidades-y-Empleo-PANTONE-1024x546.png 1024w, https:\/\/fundacionexe.org\/workshops\/luev-identitaticultura24\/wp-content\/uploads\/sites\/24\/2024\/10\/Conselleria-de-Educaci\u00f3n-Cultura-Universidades-y-Empleo-PANTONE.png 1324w\" sizes=\"auto, (max-width: 300px) 100vw, 300px\" \/><\/p>\r\n<p>Universitat de Val\u00e8ncia &#8211;\u00a0Servei de Lleng\u00fces i Pol\u00edtica Ling\u00fc\u00edstica<\/p>\r\n<p><img loading=\"lazy\" decoding=\"async\" class=\"alignnone size-medium wp-image-385\" src=\"http:\/\/fundacionexe.org\/workshops\/luev-identitaticultura24\/wp-content\/uploads\/sites\/24\/2024\/10\/ADPT_horitzontal_negre_retallat-300x50.png\" alt=\"\" width=\"300\" height=\"50\" srcset=\"https:\/\/fundacionexe.org\/workshops\/luev-identitaticultura24\/wp-content\/uploads\/sites\/24\/2024\/10\/ADPT_horitzontal_negre_retallat-300x50.png 300w, https:\/\/fundacionexe.org\/workshops\/luev-identitaticultura24\/wp-content\/uploads\/sites\/24\/2024\/10\/ADPT_horitzontal_negre_retallat.png 638w\" sizes=\"auto, (max-width: 300px) 100vw, 300px\" \/><\/p>\r\n<p>Universitat de Val\u00e8ncia &#8211;\u00a0C\u00e0tedra de Drets Ling\u00fc\u00edstics<\/p>\r\n<p><img loading=\"lazy\" decoding=\"async\" class=\"alignnone size-medium wp-image-386\" src=\"http:\/\/fundacionexe.org\/workshops\/luev-identitaticultura24\/wp-content\/uploads\/sites\/24\/2024\/10\/CatedraDretsLinguistics-300x48.png\" alt=\"\" width=\"300\" height=\"48\" srcset=\"https:\/\/fundacionexe.org\/workshops\/luev-identitaticultura24\/wp-content\/uploads\/sites\/24\/2024\/10\/CatedraDretsLinguistics-300x48.png 300w, https:\/\/fundacionexe.org\/workshops\/luev-identitaticultura24\/wp-content\/uploads\/sites\/24\/2024\/10\/CatedraDretsLinguistics.png 567w\" sizes=\"auto, (max-width: 300px) 100vw, 300px\" \/><\/p>","protected":false},"excerpt":{"rendered":"<p>Conselleria d&#8217;Educaci\u00f3, Cultura, Universitats i Ocupaci\u00f3 &#8211; Direcci\u00f3 General\u00a0d&#8217;Ordenaci\u00f3 Educativa i Pol\u00edtica Ling\u00fc\u00edstica Universitat de Val\u00e8ncia &#8211;\u00a0Servei de Lleng\u00fces i Pol\u00edtica Ling\u00fc\u00edstica Universitat de Val\u00e8ncia &#8211;\u00a0C\u00e0tedra de Drets Ling\u00fc\u00edstics<\/p>\n","protected":false},"author":2,"featured_media":0,"parent":0,"menu_order":0,"comment_status":"closed","ping_status":"closed","template":"","meta":{"footnotes":""},"class_list":["post-119","page","type-page","status-publish","hentry"],"_links":{"self":[{"href":"https:\/\/fundacionexe.org\/workshops\/luev-identitaticultura24\/wp-json\/wp\/v2\/pages\/119","targetHints":{"allow":["GET"]}}],"collection":[{"href":"https:\/\/fundacionexe.org\/workshops\/luev-identitaticultura24\/wp-json\/wp\/v2\/pages"}],"about":[{"href":"https:\/\/fundacionexe.org\/workshops\/luev-identitaticultura24\/wp-json\/wp\/v2\/types\/page"}],"author":[{"embeddable":true,"href":"https:\/\/fundacionexe.org\/workshops\/luev-identitaticultura24\/wp-json\/wp\/v2\/users\/2"}],"replies":[{"embeddable":true,"href":"https:\/\/fundacionexe.org\/workshops\/luev-identitaticultura24\/wp-json\/wp\/v2\/comments?post=119"}],"version-history":[{"count":18,"href":"https:\/\/fundacionexe.org\/workshops\/luev-identitaticultura24\/wp-json\/wp\/v2\/pages\/119\/revisions"}],"predecessor-version":[{"id":388,"href":"https:\/\/fundacionexe.org\/workshops\/luev-identitaticultura24\/wp-json\/wp\/v2\/pages\/119\/revisions\/388"}],"wp:attachment":[{"href":"https:\/\/fundacionexe.org\/workshops\/luev-identitaticultura24\/wp-json\/wp\/v2\/media?parent=119"}],"curies":[{"name":"wp","href":"https:\/\/api.w.org\/{rel}","templated":true}]}}