{"id":2,"date":"2019-03-22T13:08:14","date_gmt":"2019-03-22T11:08:14","guid":{"rendered":"http:\/\/fundacionexe.org\/workshops\/luev-identitaticultura24\/?page_id=2"},"modified":"2024-10-18T20:36:43","modified_gmt":"2024-10-18T18:36:43","slug":"inici","status":"publish","type":"page","link":"https:\/\/fundacionexe.org\/workshops\/luev-identitaticultura24\/inici\/","title":{"rendered":"Programa"},"content":{"rendered":"<p><b>Generaci\u00f3 LUEV. 40 anys de Llei d&#8217;\u00das i Ensenyament del Valenci\u00e0<\/b><\/p>\n<p><b>Dimarts, 22 d\u2019octubre<\/b><\/p>\n<p><span style=\"font-weight: 400\">Facultat de Magisteri: aula PB.04<\/span><\/p>\n<p><span style=\"font-weight: 400\">Universitat de Val\u00e8ncia<\/span><\/p>\n<hr \/>\n<p><b>9.00 h Acreditaci\u00f3 dels participants<\/b><\/p>\n<p><b>9.30 h Obertura institucional<\/b><\/p>\n<ul>\n<li style=\"font-weight: 400\"><b>Rafael Fern\u00e1ndez Maximiano<\/b><span style=\"font-weight: 400\">, secretari de la Facultat de Magisteri<\/span><\/li>\n<li style=\"font-weight: 400\"><span style=\"font-weight: 400\">Conselleria d\u2019Educaci\u00f3, Cultura, Universitats i Ocupaci\u00f3, per determinar<\/span><\/li>\n<li style=\"font-weight: 400\"><b>Susanna Pardines<\/b><span style=\"font-weight: 400\">, coordinadora del Lab d\u2019Identitat i Cultura de la Fundaci\u00f3 Nexe<\/span><\/li>\n<\/ul>\n<p><b>9.45 h Primera sessi\u00f3. Oficialitat i desenvolupament de la LUEV<\/b><\/p>\n<p><span style=\"font-weight: 400\">A c\u00e0rrec de<\/span> <span style=\"font-weight: 400\">\u00a0<\/span><b>Vicenta Tasa<\/b><span style=\"font-weight: 400\">, professora del Departament de Dret Constitucional, Ci\u00e8ncia Pol\u00edtica i de l\u2019Administraci\u00f3 de la Universitat de Val\u00e8ncia<\/span><\/p>\n<p>Presenta: <b>Miquel Nicol\u00e0s<\/b>, professor del Departament de Filologia Catalana (UV) i membre del Lab d&#8217;Identitat i Cultura de la Fundaci\u00f3 Nexe<\/p>\n<p><b>10.45 h<\/b> <b>Panell de dades. Les dades d\u2019\u00fas i l\u2019Observatori del Valenci\u00e0<\/b><\/p>\n<p><span style=\"font-weight: 400\">A c\u00e0rrec de <\/span><b>Marc Hern\u00e0ndez Montoro<\/b>, encarregat del manteniment i l&#8217;actualitzaci\u00f3 de l&#8217;Observatori del Valenci\u00e0 i de la iniciativa Ethos Insight<\/p>\n<p>Presenta: <strong>Susanna Pardines<\/strong>, ling\u00fcista i membre del Lab d&#8217;Identitat i Cultura de la Fundaci\u00f3 Nexe<\/p>\n<p><b>11.15 h Pausa<br \/>\n<\/b><\/p>\n<p><b>11:45 h Segona sessi\u00f3. L\u2019aplicaci\u00f3 de la LUEV a l\u2019ensenyament: evoluci\u00f3 dels programes ling\u00fc\u00edstics<\/b><\/p>\n<p><span style=\"font-weight: 400\">A c\u00e0rrec de <\/span><b>Jordi Antol\u00ed<\/b><span style=\"font-weight: 400\">, professor del Departament de Filologia Catalana de la Universitat d\u2019Alacant<\/span><\/p>\n<p>Presenta: <strong>Al\u00edcia Mart\u00ed<\/strong>, directora del Departament de Did\u00e0ctica de la Llengua i la Literatura (UV)<\/p>\n<p><b>12:45 h<\/b> <b>Taula redona. Els efectes de la LUEV sobre el sector socioecon\u00f2mic i els mitjans de comunicaci\u00f3<\/b><\/p>\n<ul>\n<li style=\"font-weight: 400\"><b>Yaiza P\u00e9rez<\/b><span style=\"font-weight: 400\">, professora del Departament de\u00a0 Sociologia i Antropologia Social de la Universitat de Val\u00e8ncia<\/span><\/li>\n<li style=\"font-weight: 400\"><b>Lola Ba\u00f1on<\/b><span style=\"font-weight: 400\">, periodista i professora del Departament de Teoria dels Llenguatges i Ci\u00e8ncies de la Comunicaci\u00f3 de la Universitat de Val\u00e8ncia<\/span><\/li>\n<\/ul>\n<p>Presenta: <b>Rafael Castell\u00f3<\/b>, professor del Departament de Sociologia i Antropologia Social (UV) i membre del Lab d&#8217;Identitat i Cultura de la Fundaci\u00f3 Nexe<\/p>\n<p><b>14:00 h. Pausa<\/b><\/p>\n<p><b>16:00 h. Tercera sessi\u00f3. L\u2019aplicaci\u00f3 de la LUEV a l\u2019administraci\u00f3 p\u00fablica<\/b><\/p>\n<p><span style=\"font-weight: 400\">A c\u00e0rrec d\u2019<\/span><b>Anselm Bodoque<\/b><span style=\"font-weight: 400\">, professor del Departament de Dret Constitucional, Ci\u00e8ncia Pol\u00edtica i de l\u2019Administraci\u00f3 de la Universitat de Val\u00e8ncia<\/span><\/p>\n<p>Presenta: <b>Raquel Casesnoves<\/b>, professora del Departament de Filologia Catalana (UV) i membre del Lab d&#8217;Identitat i Cultura de la Fundaci\u00f3 Nexe<\/p>\n<p><b>17:00 h Taula redona.<\/b> <b>I despr\u00e9s de 40 anys&#8230; una valoraci\u00f3 de la LUEV des de l\u2019activisme<\/b><\/p>\n<ul>\n<li style=\"font-weight: 400\"><b>Alexandra Us\u00f3<\/b><span style=\"font-weight: 400\">, presidenta d\u2019Escola Valenciana<\/span><\/li>\n<li style=\"font-weight: 400\"><b>Anna Oliver<\/b><span style=\"font-weight: 400\">, presidenta d\u2019Acci\u00f3 Cultural del Pa\u00eds Valenci\u00e0<\/span><\/li>\n<li style=\"font-weight: 400\"><b>Beatriu Cardona i Prats<\/b><span style=\"font-weight: 400\">, portaveu d\u2019Intersindical Valenciana<\/span><\/li>\n<li style=\"font-weight: 400\"><span style=\"font-weight: 400\"><strong>Ana Quinto i Salort<\/strong>, estudiant de Dret i membre del BEA<\/span><\/li>\n<\/ul>\n<p><span style=\"font-weight: 400\">Modera: <strong>Gustau P\u00e9rez<\/strong>, president de l\u2019ACV Tirant lo Blanc<\/span><\/p>\n<p><b>18.30 h. Cloenda institucional<\/b><\/p>\n<ul>\n<li style=\"font-weight: 400\"><span style=\"font-weight: 400\"><strong>Vicenta Tasa<\/strong>, C\u00e0tedra de Drets Ling\u00fc\u00edstics i directora acad\u00e8mica de la Fundaci\u00f3 Nexe<br \/>\n<\/span><\/li>\n<li style=\"font-weight: 400\"><b>Gustau P\u00e9rez<\/b><span style=\"font-weight: 400\">, president de la Fundaci\u00f3 Nexe<\/span><\/li>\n<\/ul>\n<p>&nbsp;<\/p>\n","protected":false},"excerpt":{"rendered":"<p>Generaci\u00f3 LUEV. 40 anys de Llei d&#8217;\u00das i Ensenyament del Valenci\u00e0 Dimarts, 22 d\u2019octubre Facultat de Magisteri: aula PB.04 Universitat de Val\u00e8ncia 9.00 h Acreditaci\u00f3 dels participants 9.30 h Obertura institucional Rafael Fern\u00e1ndez Maximiano, secretari de la Facultat de Magisteri Conselleria d\u2019Educaci\u00f3, Cultura, Universitats i Ocupaci\u00f3, per determinar Susanna Pardines, coordinadora del Lab d\u2019Identitat i &hellip; <a href=\"https:\/\/fundacionexe.org\/workshops\/luev-identitaticultura24\/inici\/\" class=\"more-link\">Continua la lectura de <span class=\"screen-reader-text\">Programa<\/span> <span class=\"meta-nav\">&rarr;<\/span><\/a><\/p>\n","protected":false},"author":1,"featured_media":0,"parent":0,"menu_order":0,"comment_status":"closed","ping_status":"closed","template":"","meta":{"footnotes":""},"class_list":["post-2","page","type-page","status-publish","hentry"],"_links":{"self":[{"href":"https:\/\/fundacionexe.org\/workshops\/luev-identitaticultura24\/wp-json\/wp\/v2\/pages\/2","targetHints":{"allow":["GET"]}}],"collection":[{"href":"https:\/\/fundacionexe.org\/workshops\/luev-identitaticultura24\/wp-json\/wp\/v2\/pages"}],"about":[{"href":"https:\/\/fundacionexe.org\/workshops\/luev-identitaticultura24\/wp-json\/wp\/v2\/types\/page"}],"author":[{"embeddable":true,"href":"https:\/\/fundacionexe.org\/workshops\/luev-identitaticultura24\/wp-json\/wp\/v2\/users\/1"}],"replies":[{"embeddable":true,"href":"https:\/\/fundacionexe.org\/workshops\/luev-identitaticultura24\/wp-json\/wp\/v2\/comments?post=2"}],"version-history":[{"count":77,"href":"https:\/\/fundacionexe.org\/workshops\/luev-identitaticultura24\/wp-json\/wp\/v2\/pages\/2\/revisions"}],"predecessor-version":[{"id":399,"href":"https:\/\/fundacionexe.org\/workshops\/luev-identitaticultura24\/wp-json\/wp\/v2\/pages\/2\/revisions\/399"}],"wp:attachment":[{"href":"https:\/\/fundacionexe.org\/workshops\/luev-identitaticultura24\/wp-json\/wp\/v2\/media?parent=2"}],"curies":[{"name":"wp","href":"https:\/\/api.w.org\/{rel}","templated":true}]}}