{"id":11,"date":"2016-09-26T06:47:58","date_gmt":"2016-09-26T06:47:58","guid":{"rendered":"http:\/\/fundacionexe.org\/workshops\/multilinguisme\/?page_id=11"},"modified":"2016-10-19T11:01:04","modified_gmt":"2016-10-19T11:01:04","slug":"programa","status":"publish","type":"page","link":"https:\/\/fundacionexe.org\/workshops\/multilinguisme\/programa\/","title":{"rendered":"Programa"},"content":{"rendered":"<p style=\"text-align: center\"><strong>Divendres, 4 de novembre<\/strong><\/p>\n<p><strong>9:00 h<\/strong>. Acreditaci\u00f3 dels participants<\/p>\n<p><strong>9:30 h<\/strong>. Obertura institucional:<\/p>\n<ul>\n<li><strong>Carles Padilla<\/strong>, deg\u00e0 de la Facultat de Filologia, Traducci\u00f3 i Comunicaci\u00f3, Universitat de Val\u00e8ncia.<\/li>\n<li><strong>Rub\u00e9n Trenzano<\/strong>, director general de Pol\u00edtica Ling\u00fc\u00edstica i Gesti\u00f3 del Multiling\u00fcisme.<\/li>\n<li><strong>Susanna Pardines<\/strong>, coordinadora del Lab d\u2019Identitat i cultura de la Fundaci\u00f3 Nexe.<\/li>\n<\/ul>\n<p><strong>10:00 h<\/strong>. Confer\u00e8ncia inaugural: \u00abQuin lloc ocupa el multiling\u00fcisme a la UE actual? El Full de Ruta per a la Diversitat Ling\u00fc\u00edstica a Europa\u00bb. <strong>Vicent Climent-Ferrando<\/strong>, Xarxa Europea per a la Diversitat Ling\u00fc\u00edstica (NPLD). Presenta: <strong>Raquel Casesnoves<\/strong> (UPF).<\/p>\n<p><strong>11:30 h<\/strong>. Pausa<\/p>\n<p><strong>12:00 h<\/strong>. Taula redona: \u00abL\u2019oficialitat de les lleng\u00fces i els drets ling\u00fc\u00edstics\u00bb. Modera: <strong>Rafael Castell\u00f3<\/strong> (UV).<\/p>\n<ul>\n<li>El cas de Finl\u00e0ndia: <strong>Kaisa Kepsu-Lescelius<\/strong>, cap del Departament de Recerca del <em>think tank<\/em> Magma.<\/li>\n<li>El cas de Catalunya: <strong>Bernat Joan i Mar\u00ed<\/strong>, diputat al Parlament europeu (2004-2007) i secretari de Pol\u00edtica Ling\u00fc\u00edstica de la Generalitat de Catalunya (2007-2010).<\/li>\n<li>El cas del Pa\u00eds Valenci\u00e0: <strong>Anselm Bodoque<\/strong>, Universitat de Val\u00e8ncia.<\/li>\n<li>El cas de Gal\u00b7les: <strong>Patrick Carlin<\/strong>, Cardiff University.<\/li>\n<\/ul>\n<p><strong>14:00 h<\/strong>. Pausa<\/p>\n<p><strong>16:00 h<\/strong>. Taula redona: \u00abEuropa i drets ling\u00fc\u00edstics\u00bb. Modera: <strong>Vicenta Tasa<\/strong> (UV).<\/p>\n<ul>\n<li>\u00abEl marc legal de la diversitat ling\u00fc\u00edstica a Europa\u00bb. <strong>Eva Pons<\/strong>, Universitat de Barcelona.<\/li>\n<li>\u00abLa gesti\u00f3 del multiling\u00fcisme a Europa\u00bb. <strong>Miquel Strubell<\/strong>, LINGUAPAX INTERNATIONAL.<\/li>\n<li>\u00abEl Protocol per a la Garantia dels Drets Ling\u00fc\u00edstics: apoderament de la societat civil\u00bb. <strong>Paul Bilbao<\/strong>, secretari general de Kontseilua i vicepresident de la Xarxa Europea per la Igualtat Ling\u00fc\u00edstica (ELEN).<\/li>\n<\/ul>\n<p><strong>17:30 h<\/strong>. Segona sessi\u00f3: \u00abLa (in)seguretat ling\u00fc\u00edstica a Europa: la inefic\u00e0cia de les convencions multilaterals\u00bb.\u00a0<strong>Albert Branchadell<\/strong>, Universitat Aut\u00f2noma de Barcelona. Presenta: <strong>Miquel Nicol\u00e0s<\/strong> (UV).<\/p>\n<p><strong>19:00 h<\/strong>. Cloenda institucional<\/p>\n<ul>\n<li><strong>Xabier Mac\u00edas<\/strong>, president del Centre Maurits Coppieters.<\/li>\n<li><strong>Miquel Nicol\u00e0s<\/strong>,\u00a0Departament de Filologia Catalana, Universitat de Val\u00e8ncia.<\/li>\n<li><strong>Gon\u00e7al Grau<\/strong>, president de la Fundaci\u00f3 Nexe.<\/li>\n<\/ul>\n","protected":false},"excerpt":{"rendered":"<p>Divendres, 4 de novembre 9:00 h. Acreditaci\u00f3 dels participants 9:30 h. Obertura institucional: Carles Padilla, deg\u00e0 de la Facultat de Filologia, Traducci\u00f3 i Comunicaci\u00f3, Universitat de Val\u00e8ncia. Rub\u00e9n Trenzano, director general de Pol\u00edtica Ling\u00fc\u00edstica i Gesti\u00f3 del Multiling\u00fcisme. Susanna Pardines, coordinadora del Lab d\u2019Identitat i cultura de la Fundaci\u00f3 Nexe. 10:00 h. Confer\u00e8ncia inaugural: \u00abQuin &hellip; <a href=\"https:\/\/fundacionexe.org\/workshops\/multilinguisme\/programa\/\" class=\"more-link\">Continua la lectura de <span class=\"screen-reader-text\">Programa<\/span> <span class=\"meta-nav\">&rarr;<\/span><\/a><\/p>\n","protected":false},"author":2,"featured_media":0,"parent":0,"menu_order":0,"comment_status":"closed","ping_status":"closed","template":"","meta":{"footnotes":""},"class_list":["post-11","page","type-page","status-publish","hentry"],"_links":{"self":[{"href":"https:\/\/fundacionexe.org\/workshops\/multilinguisme\/wp-json\/wp\/v2\/pages\/11","targetHints":{"allow":["GET"]}}],"collection":[{"href":"https:\/\/fundacionexe.org\/workshops\/multilinguisme\/wp-json\/wp\/v2\/pages"}],"about":[{"href":"https:\/\/fundacionexe.org\/workshops\/multilinguisme\/wp-json\/wp\/v2\/types\/page"}],"author":[{"embeddable":true,"href":"https:\/\/fundacionexe.org\/workshops\/multilinguisme\/wp-json\/wp\/v2\/users\/2"}],"replies":[{"embeddable":true,"href":"https:\/\/fundacionexe.org\/workshops\/multilinguisme\/wp-json\/wp\/v2\/comments?post=11"}],"version-history":[{"count":19,"href":"https:\/\/fundacionexe.org\/workshops\/multilinguisme\/wp-json\/wp\/v2\/pages\/11\/revisions"}],"predecessor-version":[{"id":160,"href":"https:\/\/fundacionexe.org\/workshops\/multilinguisme\/wp-json\/wp\/v2\/pages\/11\/revisions\/160"}],"wp:attachment":[{"href":"https:\/\/fundacionexe.org\/workshops\/multilinguisme\/wp-json\/wp\/v2\/media?parent=11"}],"curies":[{"name":"wp","href":"https:\/\/api.w.org\/{rel}","templated":true}]}}