{"id":13,"date":"2016-09-26T06:48:11","date_gmt":"2016-09-26T06:48:11","guid":{"rendered":"http:\/\/fundacionexe.org\/workshops\/multilinguisme\/?page_id=13"},"modified":"2016-10-06T12:18:45","modified_gmt":"2016-10-06T12:18:45","slug":"inscripcio","status":"publish","type":"page","link":"https:\/\/fundacionexe.org\/workshops\/multilinguisme\/inscripcio\/","title":{"rendered":"Inscripci\u00f3"},"content":{"rendered":"<div>La inscripci\u00f3 \u00e9s gratu\u00efta.<\/div>\n<div>Per a poder participar en el Workshop de Multiling\u00fcisme i diversitat ling\u00fc\u00edstica, i sol\u00b7licitar el certificat d&#8217;assist\u00e8ncia, cal omplir el formulari que trobareu en l\u2019adre\u00e7a seg\u00fcent i enviar-lo abans del 2\u00a0de novembre:<\/div>\n<div><a href=\"https:\/\/goo.gl\/forms\/OMcARvwNpJk7OXrK2\">https:\/\/goo.gl\/forms\/OMcARvwNpJk7OXrK2<\/a><\/div>\n<div><\/div>\n<div><\/div>\n","protected":false},"excerpt":{"rendered":"<p>La inscripci\u00f3 \u00e9s gratu\u00efta. Per a poder participar en el Workshop de Multiling\u00fcisme i diversitat ling\u00fc\u00edstica, i sol\u00b7licitar el certificat d&#8217;assist\u00e8ncia, cal omplir el formulari que trobareu en l\u2019adre\u00e7a seg\u00fcent i enviar-lo abans del 2\u00a0de novembre: https:\/\/goo.gl\/forms\/OMcARvwNpJk7OXrK2<\/p>\n","protected":false},"author":2,"featured_media":0,"parent":0,"menu_order":0,"comment_status":"closed","ping_status":"closed","template":"","meta":{"footnotes":""},"class_list":["post-13","page","type-page","status-publish","hentry"],"_links":{"self":[{"href":"https:\/\/fundacionexe.org\/workshops\/multilinguisme\/wp-json\/wp\/v2\/pages\/13","targetHints":{"allow":["GET"]}}],"collection":[{"href":"https:\/\/fundacionexe.org\/workshops\/multilinguisme\/wp-json\/wp\/v2\/pages"}],"about":[{"href":"https:\/\/fundacionexe.org\/workshops\/multilinguisme\/wp-json\/wp\/v2\/types\/page"}],"author":[{"embeddable":true,"href":"https:\/\/fundacionexe.org\/workshops\/multilinguisme\/wp-json\/wp\/v2\/users\/2"}],"replies":[{"embeddable":true,"href":"https:\/\/fundacionexe.org\/workshops\/multilinguisme\/wp-json\/wp\/v2\/comments?post=13"}],"version-history":[{"count":9,"href":"https:\/\/fundacionexe.org\/workshops\/multilinguisme\/wp-json\/wp\/v2\/pages\/13\/revisions"}],"predecessor-version":[{"id":137,"href":"https:\/\/fundacionexe.org\/workshops\/multilinguisme\/wp-json\/wp\/v2\/pages\/13\/revisions\/137"}],"wp:attachment":[{"href":"https:\/\/fundacionexe.org\/workshops\/multilinguisme\/wp-json\/wp\/v2\/media?parent=13"}],"curies":[{"name":"wp","href":"https:\/\/api.w.org\/{rel}","templated":true}]}}