{"id":19,"date":"2016-09-26T06:48:50","date_gmt":"2016-09-26T06:48:50","guid":{"rendered":"http:\/\/fundacionexe.org\/workshops\/multilinguisme\/?page_id=19"},"modified":"2016-10-06T05:55:59","modified_gmt":"2016-10-06T05:55:59","slug":"comite-cientific-i-organitzador","status":"publish","type":"page","link":"https:\/\/fundacionexe.org\/workshops\/multilinguisme\/comite-cientific-i-organitzador\/","title":{"rendered":"Comit\u00e9 cient\u00edfic i organitzador"},"content":{"rendered":"<ul>\n<li>Marina Aparicio Barber\u00e1n,\u00a0t\u00e8cnica\u00a0de projectes de l\u2019ACV Tirant lo Blanc i la Fundaci\u00f3 Nexe<\/li>\n<li>Anselm Bodoque, professor associat del Departament de Dret Constitucional, Ci\u00e8ncia Pol\u00edtica i de l&#8217;Administraci\u00f3 (UV)<\/li>\n<li>Raquel Casesnoves, col\u00b7laboradora externa de la UPF<\/li>\n<li>Rafael Castell\u00f3, professor titular del Departament de Sociologia i Antropologia Social (UV)<\/li>\n<li>Antoni\u00a0Mart\u00ednez, t\u00e8cnic ling\u00fc\u00edstic del Servei de Promoci\u00f3 i Normalitzaci\u00f3 Ling\u00fc\u00edstica (UPV)<\/li>\n<li>Antoni Mas, professor titular del Departament de Filologia Catalana (UA)<\/li>\n<li>Josep \u00c0ngel Mas, professor contractat doctor del Departament de Ling\u00fc\u00edstica Aplicada (UPV)<\/li>\n<li>Laia Mas, directora de projectes de l\u2019ACV Tirant lo Blanc i la Fundaci\u00f3 Nexe.<\/li>\n<li>Miquel Nicol\u00e0s, professor titular del Departament de Filologia Catalana (UV)<\/li>\n<li>Susanna Pardines, t\u00e8cnica ling\u00fc\u00edstica de l\u2019AVL i coordinadora del Lab d\u2019Identitat i cultura de la Fundaci\u00f3 Nexe<\/li>\n<li>Carles Plas\u00e8ncia, t\u00e8cnic ling\u00fc\u00edstic del Servei de Pol\u00edtica Ling\u00fc\u00edstica (UV)<\/li>\n<li>Elies Segu\u00ed, professor contractat doctor del Departament d\u2019Economia i Ci\u00e8ncies Socials (UPV) i director acad\u00e8mic de la Fundaci\u00f3 Nexe.<\/li>\n<li>Elisa Signes, gestora d\u2019innovaci\u00f3 de l\u2019IBV i delegada de la Fundaci\u00f3 Nexe al Centre Maurits Coppieters<\/li>\n<li>Vicenta Tasa, professora associada del Departament de Dret Constitucional, Ci\u00e8ncia Pol\u00edtica i de l&#8217;Administraci\u00f3 (UV)<\/li>\n<\/ul>\n","protected":false},"excerpt":{"rendered":"<p>Marina Aparicio Barber\u00e1n,\u00a0t\u00e8cnica\u00a0de projectes de l\u2019ACV Tirant lo Blanc i la Fundaci\u00f3 Nexe Anselm Bodoque, professor associat del Departament de Dret Constitucional, Ci\u00e8ncia Pol\u00edtica i de l&#8217;Administraci\u00f3 (UV) Raquel Casesnoves, col\u00b7laboradora externa de la UPF Rafael Castell\u00f3, professor titular del Departament de Sociologia i Antropologia Social (UV) Antoni\u00a0Mart\u00ednez, t\u00e8cnic ling\u00fc\u00edstic del Servei de Promoci\u00f3 i &hellip; <a href=\"https:\/\/fundacionexe.org\/workshops\/multilinguisme\/comite-cientific-i-organitzador\/\" class=\"more-link\">Continua la lectura de <span class=\"screen-reader-text\">Comit\u00e9 cient\u00edfic i organitzador<\/span> <span class=\"meta-nav\">&rarr;<\/span><\/a><\/p>\n","protected":false},"author":2,"featured_media":0,"parent":0,"menu_order":0,"comment_status":"closed","ping_status":"closed","template":"","meta":{"footnotes":""},"class_list":["post-19","page","type-page","status-publish","hentry"],"_links":{"self":[{"href":"https:\/\/fundacionexe.org\/workshops\/multilinguisme\/wp-json\/wp\/v2\/pages\/19","targetHints":{"allow":["GET"]}}],"collection":[{"href":"https:\/\/fundacionexe.org\/workshops\/multilinguisme\/wp-json\/wp\/v2\/pages"}],"about":[{"href":"https:\/\/fundacionexe.org\/workshops\/multilinguisme\/wp-json\/wp\/v2\/types\/page"}],"author":[{"embeddable":true,"href":"https:\/\/fundacionexe.org\/workshops\/multilinguisme\/wp-json\/wp\/v2\/users\/2"}],"replies":[{"embeddable":true,"href":"https:\/\/fundacionexe.org\/workshops\/multilinguisme\/wp-json\/wp\/v2\/comments?post=19"}],"version-history":[{"count":6,"href":"https:\/\/fundacionexe.org\/workshops\/multilinguisme\/wp-json\/wp\/v2\/pages\/19\/revisions"}],"predecessor-version":[{"id":115,"href":"https:\/\/fundacionexe.org\/workshops\/multilinguisme\/wp-json\/wp\/v2\/pages\/19\/revisions\/115"}],"wp:attachment":[{"href":"https:\/\/fundacionexe.org\/workshops\/multilinguisme\/wp-json\/wp\/v2\/media?parent=19"}],"curies":[{"name":"wp","href":"https:\/\/api.w.org\/{rel}","templated":true}]}}