{"id":59,"date":"2016-09-28T06:21:42","date_gmt":"2016-09-28T06:21:42","guid":{"rendered":"http:\/\/fundacionexe.org\/workshops\/multilinguisme\/?page_id=59"},"modified":"2016-10-17T04:05:37","modified_gmt":"2016-10-17T04:05:37","slug":"headquarters","status":"publish","type":"page","link":"https:\/\/fundacionexe.org\/workshops\/multilinguisme\/headquarters\/","title":{"rendered":"Headquarters"},"content":{"rendered":"<div class=\"entry-content\">\n<p style=\"text-align: center\"><strong>Sala d&#8217;Actes Sanchis Guarner<br \/>\n<\/strong>Philology, Translation and Communication Faculty (low level)<br \/>\nBlasco Ib\u00e1\u00f1ez Campus, 32 Blasco Ib\u00e1\u00f1ez Avenue. 46010. Valencia.<\/p>\n<\/div>\n<p>&nbsp;<\/p>\n<div class=\"entry-content\"><\/div>\n","protected":false},"excerpt":{"rendered":"<p>Sala d&#8217;Actes Sanchis Guarner Philology, Translation and Communication Faculty (low level) Blasco Ib\u00e1\u00f1ez Campus, 32 Blasco Ib\u00e1\u00f1ez Avenue. 46010. Valencia. &nbsp;<\/p>\n","protected":false},"author":2,"featured_media":0,"parent":0,"menu_order":0,"comment_status":"closed","ping_status":"closed","template":"","meta":{"footnotes":""},"class_list":["post-59","page","type-page","status-publish","hentry"],"_links":{"self":[{"href":"https:\/\/fundacionexe.org\/workshops\/multilinguisme\/wp-json\/wp\/v2\/pages\/59","targetHints":{"allow":["GET"]}}],"collection":[{"href":"https:\/\/fundacionexe.org\/workshops\/multilinguisme\/wp-json\/wp\/v2\/pages"}],"about":[{"href":"https:\/\/fundacionexe.org\/workshops\/multilinguisme\/wp-json\/wp\/v2\/types\/page"}],"author":[{"embeddable":true,"href":"https:\/\/fundacionexe.org\/workshops\/multilinguisme\/wp-json\/wp\/v2\/users\/2"}],"replies":[{"embeddable":true,"href":"https:\/\/fundacionexe.org\/workshops\/multilinguisme\/wp-json\/wp\/v2\/comments?post=59"}],"version-history":[{"count":6,"href":"https:\/\/fundacionexe.org\/workshops\/multilinguisme\/wp-json\/wp\/v2\/pages\/59\/revisions"}],"predecessor-version":[{"id":153,"href":"https:\/\/fundacionexe.org\/workshops\/multilinguisme\/wp-json\/wp\/v2\/pages\/59\/revisions\/153"}],"wp:attachment":[{"href":"https:\/\/fundacionexe.org\/workshops\/multilinguisme\/wp-json\/wp\/v2\/media?parent=59"}],"curies":[{"name":"wp","href":"https:\/\/api.w.org\/{rel}","templated":true}]}}