{"id":41,"date":"2016-09-21T09:46:59","date_gmt":"2016-09-21T09:46:59","guid":{"rendered":"http:\/\/fundacionexe.org\/workshops\/participacio\/?page_id=41"},"modified":"2016-09-21T13:23:14","modified_gmt":"2016-09-21T13:23:14","slug":"comite-cientific-i-organitzador","status":"publish","type":"page","link":"https:\/\/fundacionexe.org\/workshops\/participacio\/comite-cientific-i-organitzador\/","title":{"rendered":"Comit\u00e9 cient\u00edfic i organitzador"},"content":{"rendered":"<ul>\n<li>\u00c0gueda Mic\u00f3, professora associada de Dret i Ci\u00e8ncies Pol\u00edtiques (UV).<\/li>\n<li>Amadeu Mezquida, Secretari General de l\u2019ACV Tirant lo Blanc i de la Fundaci\u00f3 Nexe, assessor de govern a l\u2019Ajuntament de Val\u00e8ncia i llicenciat en Ci\u00e8ncies Pol\u00edtiques (UV).<\/li>\n<li>Andr\u00e9s Boix, Professor Titular de Dret Administratiu (UV).<\/li>\n<li>Carlos Villodres, assessor a les Corts Valencianes i llicenciat en Ci\u00e8ncies Pol\u00edtiques (UV).<\/li>\n<li>Elies Segu\u00ed, professor contractat doctor del Departament d&#8217;Economia i Ci\u00e8ncies Socials (UPV) i director acad\u00e8mic de la Fundaci\u00f3 Nexe.<\/li>\n<li>Gustau P\u00e9rez, assessor a les Corts Valencianes i llicenciat en Sociologia i Ci\u00e8ncies Pol\u00edtiques (UV).<\/li>\n<li>Javier Ferrer, treballador social i antrop\u00f2leg.<\/li>\n<li>Joan Alfred Mart\u00ednez, professor de Filosofia del Dret (UV).<\/li>\n<li>Laia Mas, directora de projectes de l\u2019ACV Tirant lo Blanc i la Fundaci\u00f3 Nexe.<\/li>\n<li>Marian Campello, diputada a les Corts Valencianes.<\/li>\n<li>Mar\u00eda de la Torre, professora de Ci\u00e8ncies Pol\u00edtiques a la Universitat Miguel Hern\u00e1ndez.<\/li>\n<li>Marina Aparicio Barber\u00e1n, coordinadora del Lab de democr\u00e0cia i participaci\u00f3 de la Fundaci\u00f3 Nexe i llicenciada en Ci\u00e8ncies Pol\u00edtiques (UPF).<\/li>\n<li>Oscar Barber\u00e0, professor contractat doctor a la Facultat de Dret (UV).<\/li>\n<li>Ramon Aznar i Garcia, Director del Grau en Dret (Universidad Internacional de Valencia-VIU).<\/li>\n<li>Vicent Herrero, diplomat en Relacions Laborals i llicenciat en Ci\u00e8ncies Pol\u00edtiques (UV).<\/li>\n<\/ul>\n","protected":false},"excerpt":{"rendered":"<p>\u00c0gueda Mic\u00f3, professora associada de Dret i Ci\u00e8ncies Pol\u00edtiques (UV). Amadeu Mezquida, Secretari General de l\u2019ACV Tirant lo Blanc i de la Fundaci\u00f3 Nexe, assessor de govern a l\u2019Ajuntament de Val\u00e8ncia i llicenciat en Ci\u00e8ncies Pol\u00edtiques (UV). Andr\u00e9s Boix, Professor Titular de Dret Administratiu (UV). Carlos Villodres, assessor a les Corts Valencianes i llicenciat en &hellip; <a href=\"https:\/\/fundacionexe.org\/workshops\/participacio\/comite-cientific-i-organitzador\/\" class=\"more-link\">Continua la lectura de <span class=\"screen-reader-text\">Comit\u00e9 cient\u00edfic i organitzador<\/span> <span class=\"meta-nav\">&rarr;<\/span><\/a><\/p>\n","protected":false},"author":2,"featured_media":0,"parent":0,"menu_order":0,"comment_status":"closed","ping_status":"closed","template":"","meta":{"footnotes":""},"class_list":["post-41","page","type-page","status-publish","hentry"],"_links":{"self":[{"href":"https:\/\/fundacionexe.org\/workshops\/participacio\/wp-json\/wp\/v2\/pages\/41","targetHints":{"allow":["GET"]}}],"collection":[{"href":"https:\/\/fundacionexe.org\/workshops\/participacio\/wp-json\/wp\/v2\/pages"}],"about":[{"href":"https:\/\/fundacionexe.org\/workshops\/participacio\/wp-json\/wp\/v2\/types\/page"}],"author":[{"embeddable":true,"href":"https:\/\/fundacionexe.org\/workshops\/participacio\/wp-json\/wp\/v2\/users\/2"}],"replies":[{"embeddable":true,"href":"https:\/\/fundacionexe.org\/workshops\/participacio\/wp-json\/wp\/v2\/comments?post=41"}],"version-history":[{"count":4,"href":"https:\/\/fundacionexe.org\/workshops\/participacio\/wp-json\/wp\/v2\/pages\/41\/revisions"}],"predecessor-version":[{"id":99,"href":"https:\/\/fundacionexe.org\/workshops\/participacio\/wp-json\/wp\/v2\/pages\/41\/revisions\/99"}],"wp:attachment":[{"href":"https:\/\/fundacionexe.org\/workshops\/participacio\/wp-json\/wp\/v2\/media?parent=41"}],"curies":[{"name":"wp","href":"https:\/\/api.w.org\/{rel}","templated":true}]}}