{"id":53,"date":"2016-09-21T10:02:39","date_gmt":"2016-09-21T10:02:39","guid":{"rendered":"http:\/\/fundacionexe.org\/workshops\/participacio\/?page_id=53"},"modified":"2016-10-18T11:55:51","modified_gmt":"2016-10-18T11:55:51","slug":"programa-2","status":"publish","type":"page","link":"https:\/\/fundacionexe.org\/workshops\/participacio\/programa-2\/","title":{"rendered":"Programa"},"content":{"rendered":"<p style=\"text-align: center\"><strong>Divendres 4 de novembre<br \/>\n<\/strong><em>Les din\u00e0miques en governs de coalici\u00f3 des de les experi\u00e8ncies concretes<br \/>\n<\/em>Coordina: Carlos Villodres (assessor a les Corts Valencianes)<\/p>\n<p><strong>18.00h<br \/>\n<\/strong>Repartiment de material<br \/>\n<strong>18.00h-18.15h<br \/>\n<\/strong>Presentaci\u00f3 a c\u00e0rrec de\u00a0<strong>Raquel Tamarit<\/strong>\u00a0(alcaldessa de Sueca) i\u00a0<strong>Amadeu Mezquida<\/strong>\u00a0(Secretari General de la Fundaci\u00f3 Nexe i l\u2019ACV Tirant lo Blanc)<br \/>\n<strong>18.15h-19.15h<br \/>\n<\/strong>Micro-xarrades<br \/>\n<strong>19.15h-19.30h<br \/>\n<\/strong>DESCANS<strong><br \/>\n19.30h-20.30h<br \/>\n<em>&#8220;Governar en coalici\u00f3: cinc preguntes d&#8217;obligada resposta&#8221;<\/em><br \/>\n<\/strong><strong>Josep Maria Reniu<\/strong> (professor de Ci\u00e8ncies Pol\u00edtiques UB i membre del Consell Assessor per a la Transici\u00f3 Nacional)<br \/>\n<strong>20.30h-21.00h<br \/>\n<\/strong>Preguntes i tancament<\/p>\n<p style=\"text-align: center\"><strong>Dissabte 5 de novembre<br \/>\n<\/strong><em>Noves formes de participaci\u00f3 a trav\u00e9s de l\u2019Administraci\u00f3<br \/>\n<\/em>Coordina: Marian Campello (diputada a les Corts Valencianes)<\/p>\n<p style=\"text-align: left\"><strong>10.00h<br \/>\n<\/strong>Repartiment de material<br \/>\n<strong>10.00h-10.15h<br \/>\n<\/strong>Presentaci\u00f3\u00a0a c\u00e0rrec de\u00a0<strong>Zulima P\u00e9rez<\/strong>\u00a0(Secret\u00e0ria Auton\u00f2mica de Transpar\u00e8ncia, Responsabilitat Social, Participaci\u00f3 i Cooperaci\u00f3) i\u00a0<strong>Amadeu Mezquida<\/strong>\u00a0(Secretari General de la Fundaci\u00f3 Nexe i l\u2019ACV Tirant lo Blanc)<br \/>\n<strong>10.15h-11.15h<br \/>\n<\/strong>Micro-xarrades<br \/>\n<strong>11.15h-11.30h<br \/>\n<\/strong>DESCANS<strong><br \/>\n11.30h-12.30h<br \/>\n<em>&#8220;Participaci\u00f3n, sostenibilidad y eficiencia en las pol\u00edticas p\u00fablicas&#8221;<\/em><br \/>\nJose \u00c1lamo Candelaria<\/strong> (investigador social, docent a l\u2019Institut Universitari d\u2019Investigaci\u00f3 sobre Migracions, Etnicitat i Desenvolupament Social de la UAM i membre de l\u2019Institut Marco Marchioni)<br \/>\n<strong>12.30h-13.30h<br \/>\n<em>&#8220;Reflexiones sobre la participaci\u00f3n ciudadana en tiempos de cambio y esperanza&#8221;<\/em><\/strong><br \/>\n<strong>Pedro Mart\u00edn Guti\u00e9rrez<\/strong> (professor a la Universitat de Valladolid)<br \/>\n<strong>13.30h-14.00h<br \/>\n<\/strong>Preguntes i cloenda del Workshop per part de\u00a0<strong>Josep Ochoa<\/strong>\u00a0(Director General de Responsabilitat Social i Foment de l\u00b4Autogovern) i\u00a0<strong>Marina Aparicio Barber\u00e1n<\/strong>\u00a0(coordinadora del Lab de Democr\u00e0cia i Participaci\u00f3 de la Fundaci\u00f3 Nexe)<\/p>\n","protected":false},"excerpt":{"rendered":"<p>Divendres 4 de novembre Les din\u00e0miques en governs de coalici\u00f3 des de les experi\u00e8ncies concretes Coordina: Carlos Villodres (assessor a les Corts Valencianes) 18.00h Repartiment de material 18.00h-18.15h Presentaci\u00f3 a c\u00e0rrec de\u00a0Raquel Tamarit\u00a0(alcaldessa de Sueca) i\u00a0Amadeu Mezquida\u00a0(Secretari General de la Fundaci\u00f3 Nexe i l\u2019ACV Tirant lo Blanc) 18.15h-19.15h Micro-xarrades 19.15h-19.30h DESCANS 19.30h-20.30h &#8220;Governar en coalici\u00f3: &hellip; <a href=\"https:\/\/fundacionexe.org\/workshops\/participacio\/programa-2\/\" class=\"more-link\">Continua la lectura de <span class=\"screen-reader-text\">Programa<\/span> <span class=\"meta-nav\">&rarr;<\/span><\/a><\/p>\n","protected":false},"author":2,"featured_media":0,"parent":0,"menu_order":0,"comment_status":"closed","ping_status":"closed","template":"","meta":{"footnotes":""},"class_list":["post-53","page","type-page","status-publish","hentry"],"_links":{"self":[{"href":"https:\/\/fundacionexe.org\/workshops\/participacio\/wp-json\/wp\/v2\/pages\/53","targetHints":{"allow":["GET"]}}],"collection":[{"href":"https:\/\/fundacionexe.org\/workshops\/participacio\/wp-json\/wp\/v2\/pages"}],"about":[{"href":"https:\/\/fundacionexe.org\/workshops\/participacio\/wp-json\/wp\/v2\/types\/page"}],"author":[{"embeddable":true,"href":"https:\/\/fundacionexe.org\/workshops\/participacio\/wp-json\/wp\/v2\/users\/2"}],"replies":[{"embeddable":true,"href":"https:\/\/fundacionexe.org\/workshops\/participacio\/wp-json\/wp\/v2\/comments?post=53"}],"version-history":[{"count":9,"href":"https:\/\/fundacionexe.org\/workshops\/participacio\/wp-json\/wp\/v2\/pages\/53\/revisions"}],"predecessor-version":[{"id":136,"href":"https:\/\/fundacionexe.org\/workshops\/participacio\/wp-json\/wp\/v2\/pages\/53\/revisions\/136"}],"wp:attachment":[{"href":"https:\/\/fundacionexe.org\/workshops\/participacio\/wp-json\/wp\/v2\/media?parent=53"}],"curies":[{"name":"wp","href":"https:\/\/api.w.org\/{rel}","templated":true}]}}