{"id":56,"date":"2016-09-21T10:03:39","date_gmt":"2016-09-21T10:03:39","guid":{"rendered":"http:\/\/fundacionexe.org\/workshops\/participacio\/?page_id=56"},"modified":"2016-09-21T13:27:51","modified_gmt":"2016-09-21T13:27:51","slug":"inscripcio","status":"publish","type":"page","link":"https:\/\/fundacionexe.org\/workshops\/participacio\/inscripcio\/","title":{"rendered":"Inscripci\u00f3"},"content":{"rendered":"<p>Hi ha dos formes d&#8217;inscriure&#8217;s al Workshop de Democr\u00e0cia i Participaci\u00f3:<\/p>\n<ol>\n<li>Participant al\u00a0<strong>verkami<\/strong>\u00a0que hem preparat per fer possible la celebraci\u00f3 del workshop, un verkami ple de recompenses interessants:<br \/>\n<a href=\"http:\/\/www.verkami.com\/projects\/15878-i-workshop-democracia-i-participacio\">http:\/\/www.verkami.com\/projects\/15878-i-workshop-democracia-i-participacio<\/a><\/li>\n<li>\n<div class=\"\">\n<p>Fent una\u00a0\u00a0<strong>inscripci\u00f3\u00a0<\/strong><b>gratu\u00efta<\/b>\u00a0clicant a aquesta adre\u00e7a i enviant el formulari:<br \/>\n<a href=\"https:\/\/goo.gl\/forms\/ackSNlGkZ4DaokGP2\">https:\/\/goo.gl\/forms\/ackSNlGkZ4DaokGP2\u00a0<\/a><\/p>\n<\/div>\n<\/li>\n<\/ol>\n","protected":false},"excerpt":{"rendered":"<p>Hi ha dos formes d&#8217;inscriure&#8217;s al Workshop de Democr\u00e0cia i Participaci\u00f3: Participant al\u00a0verkami\u00a0que hem preparat per fer possible la celebraci\u00f3 del workshop, un verkami ple de recompenses interessants: http:\/\/www.verkami.com\/projects\/15878-i-workshop-democracia-i-participacio Fent una\u00a0\u00a0inscripci\u00f3\u00a0gratu\u00efta\u00a0clicant a aquesta adre\u00e7a i enviant el formulari: https:\/\/goo.gl\/forms\/ackSNlGkZ4DaokGP2\u00a0<\/p>\n","protected":false},"author":2,"featured_media":0,"parent":0,"menu_order":0,"comment_status":"closed","ping_status":"closed","template":"","meta":{"footnotes":""},"class_list":["post-56","page","type-page","status-publish","hentry"],"_links":{"self":[{"href":"https:\/\/fundacionexe.org\/workshops\/participacio\/wp-json\/wp\/v2\/pages\/56","targetHints":{"allow":["GET"]}}],"collection":[{"href":"https:\/\/fundacionexe.org\/workshops\/participacio\/wp-json\/wp\/v2\/pages"}],"about":[{"href":"https:\/\/fundacionexe.org\/workshops\/participacio\/wp-json\/wp\/v2\/types\/page"}],"author":[{"embeddable":true,"href":"https:\/\/fundacionexe.org\/workshops\/participacio\/wp-json\/wp\/v2\/users\/2"}],"replies":[{"embeddable":true,"href":"https:\/\/fundacionexe.org\/workshops\/participacio\/wp-json\/wp\/v2\/comments?post=56"}],"version-history":[{"count":17,"href":"https:\/\/fundacionexe.org\/workshops\/participacio\/wp-json\/wp\/v2\/pages\/56\/revisions"}],"predecessor-version":[{"id":105,"href":"https:\/\/fundacionexe.org\/workshops\/participacio\/wp-json\/wp\/v2\/pages\/56\/revisions\/105"}],"wp:attachment":[{"href":"https:\/\/fundacionexe.org\/workshops\/participacio\/wp-json\/wp\/v2\/media?parent=56"}],"curies":[{"name":"wp","href":"https:\/\/api.w.org\/{rel}","templated":true}]}}