{"id":62,"date":"2016-09-21T10:05:31","date_gmt":"2016-09-21T10:05:31","guid":{"rendered":"http:\/\/fundacionexe.org\/workshops\/participacio\/?page_id=62"},"modified":"2016-09-22T08:52:54","modified_gmt":"2016-09-22T08:52:54","slug":"crida-a-comunicacions","status":"publish","type":"page","link":"https:\/\/fundacionexe.org\/workshops\/participacio\/crida-a-comunicacions\/","title":{"rendered":"Crida a comunicacions"},"content":{"rendered":"<p>Fem una\u00a0<strong>crida a comunicacions<\/strong>\u00a0fins al 14 d\u2019octubre, per a qu\u00e8 qualsevol persona que vulga puga participar en\u00a0aquest workshop mitjan\u00e7ant una micro-xarrada.<\/p>\n<p>El document s&#8217;ha d&#8217;enviar a\u00a0<a href=\"mailto:gerencia@tirant.org\"><strong>gerencia@tirant.org<\/strong><\/a><strong>\u00a0amb assumpte workshop de democr\u00e0cia i participaci\u00f3)<\/strong>\u00a0i ha d\u2019especificar:<\/p>\n<ul>\n<li>Nom i cognoms<\/li>\n<li>Adre\u00e7a<\/li>\n<li>E-mail<\/li>\n<li>El motiu de la participaci\u00f3 en el workshop<\/li>\n<\/ul>\n<p>Les micro-xarrades han de ser d\u2019una durada m\u00e0xima de\u00a0<strong>10\u00a0minuts<\/strong>, \u00e9s a dir, un m\u00e0xim de 3 p\u00e0gines, on s\u2019exposen\u00a0<strong>experi\u00e8ncies i\/o idees\/reflexions sobre la participaci\u00f3 ciutadana amb participaci\u00f3 de les institucions o extrapolables a les institucions<\/strong>.<\/p>\n<p><strong>PROCEDIMENT de PARTICIPACI\u00d3 a trav\u00e9s de les COMUNICACIONS<\/strong><\/p>\n<p><strong>Fins<\/strong>\u00a0al dia\u00a0<strong>14 d\u2019octubre de 2016<\/strong>\u00a0podr\u00e0 presentar-se un breu resum de les comunicacions, unes 500 paraules, especificant qu\u00e8 es vol fer, com i per qu\u00e8, per a poder determinar aixina l\u2019adequaci\u00f3 de les mateixes al marc del workshop.<\/p>\n<p>El comit\u00e9 cient\u00edfic i organitzador far\u00e0 la notificaci\u00f3 als participants finals amb data m\u00e0xima del\u00a0<strong>20 d\u2019octubre de 2016<\/strong>.<\/p>\n","protected":false},"excerpt":{"rendered":"<p>Fem una\u00a0crida a comunicacions\u00a0fins al 14 d\u2019octubre, per a qu\u00e8 qualsevol persona que vulga puga participar en\u00a0aquest workshop mitjan\u00e7ant una micro-xarrada. El document s&#8217;ha d&#8217;enviar a\u00a0gerencia@tirant.org\u00a0amb assumpte workshop de democr\u00e0cia i participaci\u00f3)\u00a0i ha d\u2019especificar: Nom i cognoms Adre\u00e7a E-mail El motiu de la participaci\u00f3 en el workshop Les micro-xarrades han de ser d\u2019una durada m\u00e0xima &hellip; <a href=\"https:\/\/fundacionexe.org\/workshops\/participacio\/crida-a-comunicacions\/\" class=\"more-link\">Continua la lectura de <span class=\"screen-reader-text\">Crida a comunicacions<\/span> <span class=\"meta-nav\">&rarr;<\/span><\/a><\/p>\n","protected":false},"author":2,"featured_media":0,"parent":0,"menu_order":0,"comment_status":"closed","ping_status":"closed","template":"","meta":{"footnotes":""},"class_list":["post-62","page","type-page","status-publish","hentry"],"_links":{"self":[{"href":"https:\/\/fundacionexe.org\/workshops\/participacio\/wp-json\/wp\/v2\/pages\/62","targetHints":{"allow":["GET"]}}],"collection":[{"href":"https:\/\/fundacionexe.org\/workshops\/participacio\/wp-json\/wp\/v2\/pages"}],"about":[{"href":"https:\/\/fundacionexe.org\/workshops\/participacio\/wp-json\/wp\/v2\/types\/page"}],"author":[{"embeddable":true,"href":"https:\/\/fundacionexe.org\/workshops\/participacio\/wp-json\/wp\/v2\/users\/2"}],"replies":[{"embeddable":true,"href":"https:\/\/fundacionexe.org\/workshops\/participacio\/wp-json\/wp\/v2\/comments?post=62"}],"version-history":[{"count":3,"href":"https:\/\/fundacionexe.org\/workshops\/participacio\/wp-json\/wp\/v2\/pages\/62\/revisions"}],"predecessor-version":[{"id":111,"href":"https:\/\/fundacionexe.org\/workshops\/participacio\/wp-json\/wp\/v2\/pages\/62\/revisions\/111"}],"wp:attachment":[{"href":"https:\/\/fundacionexe.org\/workshops\/participacio\/wp-json\/wp\/v2\/media?parent=62"}],"curies":[{"name":"wp","href":"https:\/\/api.w.org\/{rel}","templated":true}]}}