{"id":65,"date":"2016-09-21T10:06:15","date_gmt":"2016-09-21T10:06:15","guid":{"rendered":"http:\/\/fundacionexe.org\/workshops\/participacio\/?page_id=65"},"modified":"2016-09-22T08:53:44","modified_gmt":"2016-09-22T08:53:44","slug":"seu","status":"publish","type":"page","link":"https:\/\/fundacionexe.org\/workshops\/participacio\/seu\/","title":{"rendered":"Seu"},"content":{"rendered":"<p>El workshop de Democr\u00e0cia i Participaci\u00f3 se celebrar\u00e0 a les instal\u00b7lacions de\u00a0<strong>l\u2019<u>Octubre Centre de Cultura Contempor\u00e0nia (OCCC)\u00a0<\/u><\/strong>al Carrer Sant Ferran, 12 de Val\u00e8ncia:<\/p>\n<p><strong>Dia 4 de novembre<\/strong>: Sal\u00f3 d\u2019actes<\/p>\n<p><strong>Dia 5 de novembre<\/strong>: Aula 1, primera planta.<\/p>\n","protected":false},"excerpt":{"rendered":"<p>El workshop de Democr\u00e0cia i Participaci\u00f3 se celebrar\u00e0 a les instal\u00b7lacions de\u00a0l\u2019Octubre Centre de Cultura Contempor\u00e0nia (OCCC)\u00a0al Carrer Sant Ferran, 12 de Val\u00e8ncia: Dia 4 de novembre: Sal\u00f3 d\u2019actes Dia 5 de novembre: Aula 1, primera planta.<\/p>\n","protected":false},"author":2,"featured_media":0,"parent":0,"menu_order":0,"comment_status":"closed","ping_status":"closed","template":"","meta":{"footnotes":""},"class_list":["post-65","page","type-page","status-publish","hentry"],"_links":{"self":[{"href":"https:\/\/fundacionexe.org\/workshops\/participacio\/wp-json\/wp\/v2\/pages\/65","targetHints":{"allow":["GET"]}}],"collection":[{"href":"https:\/\/fundacionexe.org\/workshops\/participacio\/wp-json\/wp\/v2\/pages"}],"about":[{"href":"https:\/\/fundacionexe.org\/workshops\/participacio\/wp-json\/wp\/v2\/types\/page"}],"author":[{"embeddable":true,"href":"https:\/\/fundacionexe.org\/workshops\/participacio\/wp-json\/wp\/v2\/users\/2"}],"replies":[{"embeddable":true,"href":"https:\/\/fundacionexe.org\/workshops\/participacio\/wp-json\/wp\/v2\/comments?post=65"}],"version-history":[{"count":5,"href":"https:\/\/fundacionexe.org\/workshops\/participacio\/wp-json\/wp\/v2\/pages\/65\/revisions"}],"predecessor-version":[{"id":112,"href":"https:\/\/fundacionexe.org\/workshops\/participacio\/wp-json\/wp\/v2\/pages\/65\/revisions\/112"}],"wp:attachment":[{"href":"https:\/\/fundacionexe.org\/workshops\/participacio\/wp-json\/wp\/v2\/media?parent=65"}],"curies":[{"name":"wp","href":"https:\/\/api.w.org\/{rel}","templated":true}]}}